{"id":24209,"date":"2022-03-03T11:57:54","date_gmt":"2022-03-03T11:57:54","guid":{"rendered":""},"modified":"2025-11-13T14:12:18","modified_gmt":"2025-11-13T14:12:18","slug":"caja-3-botellas-aove-1-lt-aljaoliva-pet","status":"publish","type":"product","link":"https:\/\/aljaoliva.com\/fr\/productos\/caja-3-botellas-aove-1-lt-aljaoliva-pet\/","title":{"rendered":"Caja 3 Botellas ACEITE DE OLIVA VIRGEN EXTRA 1 Lt. AljaOliva PET"},"content":{"rendered":"<p>Caja 3 Botellas AOVE 1 Lt. Aljaoliva Pet<\/p>\n","protected":false},"excerpt":{"rendered":"<p><strong>VARIEDADES:<\/strong>\u00a0La variedad principal es la manzanilla, aut\u00f3ctona de nuestra comarca junto con la verdial y la gordal. La manzanilla proporciona al aceite un car\u00e1cter muy afrutado y algo picante. En cambio, el aceite de verdial es m\u00e1s dulce y afrutado. El m\u00e1s particular y exclusivo es el aceite de la gordal peque\u00f1a, llamada azofair\u00f3n.<\/p>\n<p><strong>ELABORACI\u00d3N:<\/strong>\u00a0El aceite se elabora en el momento en el que llega la aceituna a nuestra almazara, manteniendo la temperatura controlada desde su descarga hasta la centrifugaci\u00f3n final. Se obtiene una menor cantidad de aceite pero una alt\u00edsima calidad del mismo.<\/p>\n<p><strong>NOTA DE CATA:<\/strong>\u00a0Este aceite presenta un frutado intenso. Caracterizado por su color verde acentuado, produce sensaciones que se identifican con el frescor de la aceituna verde. Su aroma recuerda a la hierba reci\u00e9n cortada, apreci\u00e1ndose notas de manzana, almendra e higuera.<\/p>\n<p><strong>USO RECOMENDADO:<\/strong>\u00a0Este formato es muy adecuado para familias peque\u00f1as y\/o monoparentales que dispongan de poco espacio. Es f\u00e1cil de manejar y transportar al ser de menor peso.<\/p>\n","protected":false},"featured_media":25655,"template":"","meta":{"_joinchat":[]},"product_cat":[457,486],"product_tag":[],"acf":[],"yoast_head":"<!-- This site is optimized with the Yoast SEO plugin v20.3 - https:\/\/yoast.com\/wordpress\/plugins\/seo\/ -->\n<title>Caja 3 Botellas ACEITE DE OLIVA VIRGEN EXTRA 1 Lt. AljaOliva PET - AljaOliva<\/title>\n<meta name=\"robots\" content=\"index, follow, max-snippet:-1, max-image-preview:large, max-video-preview:-1\" \/>\n<link rel=\"canonical\" href=\"https:\/\/aljaoliva.com\/fr\/productos\/caja-3-botellas-aove-1-lt-aljaoliva-pet\/\" \/>\n<meta property=\"og:locale\" content=\"fr_FR\" \/>\n<meta property=\"og:type\" content=\"article\" \/>\n<meta property=\"og:title\" content=\"Caja 3 Botellas ACEITE DE OLIVA VIRGEN EXTRA 1 Lt. AljaOliva PET - AljaOliva\" \/>\n<meta property=\"og:description\" content=\"VARIEDADES:\u00a0La variedad principal es la manzanilla, aut\u00f3ctona de nuestra comarca junto con la verdial y la gordal. La manzanilla proporciona al aceite un car\u00e1cter muy afrutado y algo picante. En cambio, el aceite de verdial es m\u00e1s dulce y afrutado. El m\u00e1s particular y exclusivo es el aceite de la gordal peque\u00f1a, llamada azofair\u00f3n.  ELABORACI\u00d3N:\u00a0El aceite se elabora en el momento en el que llega la aceituna a nuestra almazara, manteniendo la temperatura controlada desde su descarga hasta la centrifugaci\u00f3n final. Se obtiene una menor cantidad de aceite pero una alt\u00edsima calidad del mismo.  NOTA DE CATA:\u00a0Este aceite presenta un frutado intenso. Caracterizado por su color verde acentuado, produce sensaciones que se identifican con el frescor de la aceituna verde. Su aroma recuerda a la hierba reci\u00e9n cortada, apreci\u00e1ndose notas de manzana, almendra e higuera.  USO RECOMENDADO:\u00a0Este formato es muy adecuado para familias peque\u00f1as y\/o monoparentales que dispongan de poco espacio. Es f\u00e1cil de manejar y transportar al ser de menor peso.\" \/>\n<meta property=\"og:url\" content=\"https:\/\/aljaoliva.com\/productos\/caja-3-botellas-aove-1-lt-aljaoliva-pet\/\" \/>\n<meta property=\"og:site_name\" content=\"AljaOliva\" \/>\n<meta property=\"article:modified_time\" content=\"2025-11-13T14:12:18+00:00\" \/>\n<meta property=\"og:image\" content=\"https:\/\/aljaoliva.com\/wp-content\/uploads\/2022\/03\/Diseno-sin-titulo-32.jpg\" \/>\n\t<meta property=\"og:image:width\" content=\"500\" \/>\n\t<meta property=\"og:image:height\" content=\"500\" \/>\n\t<meta property=\"og:image:type\" content=\"image\/jpeg\" \/>\n<meta name=\"twitter:card\" content=\"summary_large_image\" \/>\n<meta name=\"twitter:label1\" content=\"Dur\u00e9e de lecture estim\u00e9e\" \/>\n\t<meta name=\"twitter:data1\" content=\"1 minute\" \/>\n<script type=\"application\/ld+json\" class=\"yoast-schema-graph\">{\"@context\":\"https:\/\/schema.org\",\"@graph\":[{\"@type\":\"WebPage\",\"@id\":\"https:\/\/aljaoliva.com\/productos\/caja-3-botellas-aove-1-lt-aljaoliva-pet\/\",\"url\":\"https:\/\/aljaoliva.com\/productos\/caja-3-botellas-aove-1-lt-aljaoliva-pet\/\",\"name\":\"Caja 3 Botellas ACEITE DE OLIVA VIRGEN EXTRA 1 Lt. AljaOliva PET - AljaOliva\",\"isPartOf\":{\"@id\":\"https:\/\/aljaoliva.com\/en\/#website\"},\"datePublished\":\"2022-03-03T11:57:54+00:00\",\"dateModified\":\"2025-11-13T14:12:18+00:00\",\"breadcrumb\":{\"@id\":\"https:\/\/aljaoliva.com\/productos\/caja-3-botellas-aove-1-lt-aljaoliva-pet\/#breadcrumb\"},\"inLanguage\":\"fr-FR\",\"potentialAction\":[{\"@type\":\"ReadAction\",\"target\":[\"https:\/\/aljaoliva.com\/productos\/caja-3-botellas-aove-1-lt-aljaoliva-pet\/\"]}]},{\"@type\":\"BreadcrumbList\",\"@id\":\"https:\/\/aljaoliva.com\/productos\/caja-3-botellas-aove-1-lt-aljaoliva-pet\/#breadcrumb\",\"itemListElement\":[{\"@type\":\"ListItem\",\"position\":1,\"name\":\"Portada\",\"item\":\"https:\/\/aljaoliva.com\/fr\/\"},{\"@type\":\"ListItem\",\"position\":2,\"name\":\"Tienda\",\"item\":\"https:\/\/aljaoliva.com\/tienda-aljaoliva\/\"},{\"@type\":\"ListItem\",\"position\":3,\"name\":\"Caja 3 Botellas ACEITE DE OLIVA VIRGEN EXTRA 1 Lt. AljaOliva PET\"}]},{\"@type\":\"WebSite\",\"@id\":\"https:\/\/aljaoliva.com\/en\/#website\",\"url\":\"https:\/\/aljaoliva.com\/en\/\",\"name\":\"AljaOliva\",\"description\":\"Aceite de Oliva Virgen Extra\",\"publisher\":{\"@id\":\"https:\/\/aljaoliva.com\/en\/#organization\"},\"potentialAction\":[{\"@type\":\"SearchAction\",\"target\":{\"@type\":\"EntryPoint\",\"urlTemplate\":\"https:\/\/aljaoliva.com\/en\/?s={search_term_string}\"},\"query-input\":\"required name=search_term_string\"}],\"inLanguage\":\"fr-FR\"},{\"@type\":\"Organization\",\"@id\":\"https:\/\/aljaoliva.com\/en\/#organization\",\"name\":\"Aljaoliva, S.L.\",\"url\":\"https:\/\/aljaoliva.com\/en\/\",\"logo\":{\"@type\":\"ImageObject\",\"inLanguage\":\"fr-FR\",\"@id\":\"https:\/\/aljaoliva.com\/en\/#\/schema\/logo\/image\/\",\"url\":\"https:\/\/aljaoliva.com\/wp-content\/uploads\/2020\/04\/logo-horizontal-blanco-aljaoliva.png\",\"contentUrl\":\"https:\/\/aljaoliva.com\/wp-content\/uploads\/2020\/04\/logo-horizontal-blanco-aljaoliva.png\",\"width\":250,\"height\":69,\"caption\":\"Aljaoliva, S.L.\"},\"image\":{\"@id\":\"https:\/\/aljaoliva.com\/en\/#\/schema\/logo\/image\/\"}}]}<\/script>\n<!-- \/ Yoast SEO plugin. -->","yoast_head_json":{"title":"Caja 3 Botellas ACEITE DE OLIVA VIRGEN EXTRA 1 Lt. AljaOliva PET - AljaOliva","robots":{"index":"index","follow":"follow","max-snippet":"max-snippet:-1","max-image-preview":"max-image-preview:large","max-video-preview":"max-video-preview:-1"},"canonical":"https:\/\/aljaoliva.com\/fr\/productos\/caja-3-botellas-aove-1-lt-aljaoliva-pet\/","og_locale":"fr_FR","og_type":"article","og_title":"Caja 3 Botellas ACEITE DE OLIVA VIRGEN EXTRA 1 Lt. AljaOliva PET - AljaOliva","og_description":"VARIEDADES:\u00a0La variedad principal es la manzanilla, aut\u00f3ctona de nuestra comarca junto con la verdial y la gordal. La manzanilla proporciona al aceite un car\u00e1cter muy afrutado y algo picante. En cambio, el aceite de verdial es m\u00e1s dulce y afrutado. El m\u00e1s particular y exclusivo es el aceite de la gordal peque\u00f1a, llamada azofair\u00f3n.  ELABORACI\u00d3N:\u00a0El aceite se elabora en el momento en el que llega la aceituna a nuestra almazara, manteniendo la temperatura controlada desde su descarga hasta la centrifugaci\u00f3n final. Se obtiene una menor cantidad de aceite pero una alt\u00edsima calidad del mismo.  NOTA DE CATA:\u00a0Este aceite presenta un frutado intenso. Caracterizado por su color verde acentuado, produce sensaciones que se identifican con el frescor de la aceituna verde. Su aroma recuerda a la hierba reci\u00e9n cortada, apreci\u00e1ndose notas de manzana, almendra e higuera.  USO RECOMENDADO:\u00a0Este formato es muy adecuado para familias peque\u00f1as y\/o monoparentales que dispongan de poco espacio. Es f\u00e1cil de manejar y transportar al ser de menor peso.","og_url":"https:\/\/aljaoliva.com\/productos\/caja-3-botellas-aove-1-lt-aljaoliva-pet\/","og_site_name":"AljaOliva","article_modified_time":"2025-11-13T14:12:18+00:00","og_image":[{"width":500,"height":500,"url":"https:\/\/aljaoliva.com\/wp-content\/uploads\/2022\/03\/Diseno-sin-titulo-32.jpg","type":"image\/jpeg"}],"twitter_card":"summary_large_image","twitter_misc":{"Dur\u00e9e de lecture estim\u00e9e":"1 minute"},"schema":{"@context":"https:\/\/schema.org","@graph":[{"@type":"WebPage","@id":"https:\/\/aljaoliva.com\/productos\/caja-3-botellas-aove-1-lt-aljaoliva-pet\/","url":"https:\/\/aljaoliva.com\/productos\/caja-3-botellas-aove-1-lt-aljaoliva-pet\/","name":"Caja 3 Botellas ACEITE DE OLIVA VIRGEN EXTRA 1 Lt. AljaOliva PET - AljaOliva","isPartOf":{"@id":"https:\/\/aljaoliva.com\/en\/#website"},"datePublished":"2022-03-03T11:57:54+00:00","dateModified":"2025-11-13T14:12:18+00:00","breadcrumb":{"@id":"https:\/\/aljaoliva.com\/productos\/caja-3-botellas-aove-1-lt-aljaoliva-pet\/#breadcrumb"},"inLanguage":"fr-FR","potentialAction":[{"@type":"ReadAction","target":["https:\/\/aljaoliva.com\/productos\/caja-3-botellas-aove-1-lt-aljaoliva-pet\/"]}]},{"@type":"BreadcrumbList","@id":"https:\/\/aljaoliva.com\/productos\/caja-3-botellas-aove-1-lt-aljaoliva-pet\/#breadcrumb","itemListElement":[{"@type":"ListItem","position":1,"name":"Portada","item":"https:\/\/aljaoliva.com\/fr\/"},{"@type":"ListItem","position":2,"name":"Tienda","item":"https:\/\/aljaoliva.com\/tienda-aljaoliva\/"},{"@type":"ListItem","position":3,"name":"Caja 3 Botellas ACEITE DE OLIVA VIRGEN EXTRA 1 Lt. AljaOliva PET"}]},{"@type":"WebSite","@id":"https:\/\/aljaoliva.com\/en\/#website","url":"https:\/\/aljaoliva.com\/en\/","name":"AljaOliva","description":"Aceite de Oliva Virgen Extra","publisher":{"@id":"https:\/\/aljaoliva.com\/en\/#organization"},"potentialAction":[{"@type":"SearchAction","target":{"@type":"EntryPoint","urlTemplate":"https:\/\/aljaoliva.com\/en\/?s={search_term_string}"},"query-input":"required name=search_term_string"}],"inLanguage":"fr-FR"},{"@type":"Organization","@id":"https:\/\/aljaoliva.com\/en\/#organization","name":"Aljaoliva, S.L.","url":"https:\/\/aljaoliva.com\/en\/","logo":{"@type":"ImageObject","inLanguage":"fr-FR","@id":"https:\/\/aljaoliva.com\/en\/#\/schema\/logo\/image\/","url":"https:\/\/aljaoliva.com\/wp-content\/uploads\/2020\/04\/logo-horizontal-blanco-aljaoliva.png","contentUrl":"https:\/\/aljaoliva.com\/wp-content\/uploads\/2020\/04\/logo-horizontal-blanco-aljaoliva.png","width":250,"height":69,"caption":"Aljaoliva, S.L."},"image":{"@id":"https:\/\/aljaoliva.com\/en\/#\/schema\/logo\/image\/"}}]}},"_links":{"self":[{"href":"https:\/\/aljaoliva.com\/fr\/wp-json\/wp\/v2\/product\/24209"}],"collection":[{"href":"https:\/\/aljaoliva.com\/fr\/wp-json\/wp\/v2\/product"}],"about":[{"href":"https:\/\/aljaoliva.com\/fr\/wp-json\/wp\/v2\/types\/product"}],"wp:featuredmedia":[{"embeddable":true,"href":"https:\/\/aljaoliva.com\/fr\/wp-json\/wp\/v2\/media\/25655"}],"wp:attachment":[{"href":"https:\/\/aljaoliva.com\/fr\/wp-json\/wp\/v2\/media?parent=24209"}],"wp:term":[{"taxonomy":"product_cat","embeddable":true,"href":"https:\/\/aljaoliva.com\/fr\/wp-json\/wp\/v2\/product_cat?post=24209"},{"taxonomy":"product_tag","embeddable":true,"href":"https:\/\/aljaoliva.com\/fr\/wp-json\/wp\/v2\/product_tag?post=24209"}],"curies":[{"name":"wp","href":"https:\/\/api.w.org\/{rel}","templated":true}]}}