{"id":23643,"date":"2022-05-09T18:00:12","date_gmt":"2022-05-09T18:00:12","guid":{"rendered":"https:\/\/aljaoliva.com\/productos\/aove-botella-3l\/"},"modified":"2025-11-13T14:07:15","modified_gmt":"2025-11-13T14:07:15","slug":"aove-sin-filtrar-botella-3l","status":"publish","type":"product","link":"https:\/\/aljaoliva.com\/fr\/productos\/aove-sin-filtrar-botella-3l\/","title":{"rendered":"ACEITE DE OLIVA VIRGEN EXTRA sin filtrar Botella 3L<Br>Caja Con 3 Unidades<Br\/>"},"content":{"rendered":"<p>AOVE Botella 3L<br \/>\nCaja Con 3 Unidades<\/p>\n","protected":false},"excerpt":{"rendered":"<p><strong>VARIEDADES:<\/strong> La variedad principal es la manzanilla, aut\u00f3ctona de nuestra comarca junto con la verdial y la gordal. La manzanilla proporciona al aceite un car\u00e1cter muy afrutado y algo picante. En cambio, el aceite de verdial es m\u00e1s dulce y afrutado. El m\u00e1s particular y exclusivo es el aceite de la gordal peque\u00f1a, llamada azofair\u00f3n.<\/p>\n<p><strong>ELABORACI\u00d3N:<\/strong> El aceite se elabora en el momento en el que llega la aceituna a nuestra almazara, manteniendo la temperatura controlada desde su descarga hasta la centrifugaci\u00f3n final. Se obtiene una menor cantidad de aceite pero una alt\u00edsima calidad del mismo.<\/p>\n<p><strong>NOTA DE CATA:<\/strong> Este aceite presenta un frutado intenso. Caracterizado por su color verde acentuado, produce sensaciones que se identifican con el frescor de la aceituna verde. Su aroma recuerda a la hierba reci\u00e9n cortada, apreci\u00e1ndose notas de manzana, almendra e higuera.<\/p>\n<p><strong>USO RECOMENDADO:<\/strong> Este formato es muy adecuado para familias peque\u00f1as y para aquellas personas que dispongan de menos espacio. Es f\u00e1cil de transportar al ser de menor peso.<\/p>\n","protected":false},"featured_media":24909,"template":"","meta":{"_joinchat":{"message_send":"Deseas conocer mas sobre nuestro envase de 5l ?"}},"product_cat":[457],"product_tag":[],"acf":[],"yoast_head":"<!-- This site is optimized with the Yoast SEO plugin v20.3 - https:\/\/yoast.com\/wordpress\/plugins\/seo\/ -->\n<title>ACEITE DE OLIVA VIRGEN EXTRA sin filtrar Botella 3LCaja Con 3 Unidades - AljaOliva<\/title>\n<meta name=\"robots\" content=\"index, follow, max-snippet:-1, max-image-preview:large, max-video-preview:-1\" \/>\n<link rel=\"canonical\" href=\"https:\/\/aljaoliva.com\/fr\/productos\/aove-sin-filtrar-botella-3l\/\" \/>\n<meta property=\"og:locale\" content=\"fr_FR\" \/>\n<meta property=\"og:type\" content=\"article\" \/>\n<meta property=\"og:title\" content=\"ACEITE DE OLIVA VIRGEN EXTRA sin filtrar Botella 3LCaja Con 3 Unidades - AljaOliva\" \/>\n<meta property=\"og:description\" content=\"VARIEDADES: La variedad principal es la manzanilla, aut\u00f3ctona de nuestra comarca junto con la verdial y la gordal. La manzanilla proporciona al aceite un car\u00e1cter muy afrutado y algo picante. En cambio, el aceite de verdial es m\u00e1s dulce y afrutado. El m\u00e1s particular y exclusivo es el aceite de la gordal peque\u00f1a, llamada azofair\u00f3n.  ELABORACI\u00d3N: El aceite se elabora en el momento en el que llega la aceituna a nuestra almazara, manteniendo la temperatura controlada desde su descarga hasta la centrifugaci\u00f3n final. Se obtiene una menor cantidad de aceite pero una alt\u00edsima calidad del mismo.  NOTA DE CATA: Este aceite presenta un frutado intenso. Caracterizado por su color verde acentuado, produce sensaciones que se identifican con el frescor de la aceituna verde. Su aroma recuerda a la hierba reci\u00e9n cortada, apreci\u00e1ndose notas de manzana, almendra e higuera.  USO RECOMENDADO: Este formato es muy adecuado para familias peque\u00f1as y para aquellas personas que dispongan de menos espacio. Es f\u00e1cil de transportar al ser de menor peso.\" \/>\n<meta property=\"og:url\" content=\"https:\/\/aljaoliva.com\/fr\/productos\/aove-sin-filtrar-botella-3l\/\" \/>\n<meta property=\"og:site_name\" content=\"AljaOliva\" \/>\n<meta property=\"article:modified_time\" content=\"2025-11-13T14:07:15+00:00\" \/>\n<meta property=\"og:image\" content=\"https:\/\/aljaoliva.com\/wp-content\/uploads\/2022\/05\/3x3.png\" \/>\n\t<meta property=\"og:image:width\" content=\"500\" \/>\n\t<meta property=\"og:image:height\" content=\"500\" \/>\n\t<meta property=\"og:image:type\" content=\"image\/png\" \/>\n<meta name=\"twitter:card\" content=\"summary_large_image\" \/>\n<script type=\"application\/ld+json\" class=\"yoast-schema-graph\">{\"@context\":\"https:\/\/schema.org\",\"@graph\":[{\"@type\":\"WebPage\",\"@id\":\"https:\/\/aljaoliva.com\/fr\/productos\/aove-sin-filtrar-botella-3l\/\",\"url\":\"https:\/\/aljaoliva.com\/fr\/productos\/aove-sin-filtrar-botella-3l\/\",\"name\":\"ACEITE DE OLIVA VIRGEN EXTRA sin filtrar Botella 3L Caja Con 3 Unidades - AljaOliva\",\"isPartOf\":{\"@id\":\"https:\/\/aljaoliva.com\/en\/#website\"},\"datePublished\":\"2022-05-09T18:00:12+00:00\",\"dateModified\":\"2025-11-13T14:07:15+00:00\",\"breadcrumb\":{\"@id\":\"https:\/\/aljaoliva.com\/fr\/productos\/aove-sin-filtrar-botella-3l\/#breadcrumb\"},\"inLanguage\":\"fr-FR\",\"potentialAction\":[{\"@type\":\"ReadAction\",\"target\":[\"https:\/\/aljaoliva.com\/fr\/productos\/aove-sin-filtrar-botella-3l\/\"]}]},{\"@type\":\"BreadcrumbList\",\"@id\":\"https:\/\/aljaoliva.com\/fr\/productos\/aove-sin-filtrar-botella-3l\/#breadcrumb\",\"itemListElement\":[{\"@type\":\"ListItem\",\"position\":1,\"name\":\"Portada\",\"item\":\"https:\/\/aljaoliva.com\/fr\/\"},{\"@type\":\"ListItem\",\"position\":2,\"name\":\"Tienda\",\"item\":\"https:\/\/aljaoliva.com\/tienda-aljaoliva\/\"},{\"@type\":\"ListItem\",\"position\":3,\"name\":\"ACEITE DE OLIVA VIRGEN EXTRA sin filtrar Botella 3LCaja Con 3 Unidades\"}]},{\"@type\":\"WebSite\",\"@id\":\"https:\/\/aljaoliva.com\/en\/#website\",\"url\":\"https:\/\/aljaoliva.com\/en\/\",\"name\":\"AljaOliva\",\"description\":\"Aceite de Oliva Virgen Extra\",\"publisher\":{\"@id\":\"https:\/\/aljaoliva.com\/en\/#organization\"},\"potentialAction\":[{\"@type\":\"SearchAction\",\"target\":{\"@type\":\"EntryPoint\",\"urlTemplate\":\"https:\/\/aljaoliva.com\/en\/?s={search_term_string}\"},\"query-input\":\"required name=search_term_string\"}],\"inLanguage\":\"fr-FR\"},{\"@type\":\"Organization\",\"@id\":\"https:\/\/aljaoliva.com\/en\/#organization\",\"name\":\"Aljaoliva, S.L.\",\"url\":\"https:\/\/aljaoliva.com\/en\/\",\"logo\":{\"@type\":\"ImageObject\",\"inLanguage\":\"fr-FR\",\"@id\":\"https:\/\/aljaoliva.com\/en\/#\/schema\/logo\/image\/\",\"url\":\"https:\/\/aljaoliva.com\/wp-content\/uploads\/2020\/04\/logo-horizontal-blanco-aljaoliva.png\",\"contentUrl\":\"https:\/\/aljaoliva.com\/wp-content\/uploads\/2020\/04\/logo-horizontal-blanco-aljaoliva.png\",\"width\":250,\"height\":69,\"caption\":\"Aljaoliva, S.L.\"},\"image\":{\"@id\":\"https:\/\/aljaoliva.com\/en\/#\/schema\/logo\/image\/\"}}]}<\/script>\n<!-- \/ Yoast SEO plugin. -->","yoast_head_json":{"title":"ACEITE DE OLIVA VIRGEN EXTRA sin filtrar Botella 3LCaja Con 3 Unidades - AljaOliva","robots":{"index":"index","follow":"follow","max-snippet":"max-snippet:-1","max-image-preview":"max-image-preview:large","max-video-preview":"max-video-preview:-1"},"canonical":"https:\/\/aljaoliva.com\/fr\/productos\/aove-sin-filtrar-botella-3l\/","og_locale":"fr_FR","og_type":"article","og_title":"ACEITE DE OLIVA VIRGEN EXTRA sin filtrar Botella 3LCaja Con 3 Unidades - AljaOliva","og_description":"VARIEDADES: La variedad principal es la manzanilla, aut\u00f3ctona de nuestra comarca junto con la verdial y la gordal. La manzanilla proporciona al aceite un car\u00e1cter muy afrutado y algo picante. En cambio, el aceite de verdial es m\u00e1s dulce y afrutado. El m\u00e1s particular y exclusivo es el aceite de la gordal peque\u00f1a, llamada azofair\u00f3n.  ELABORACI\u00d3N: El aceite se elabora en el momento en el que llega la aceituna a nuestra almazara, manteniendo la temperatura controlada desde su descarga hasta la centrifugaci\u00f3n final. Se obtiene una menor cantidad de aceite pero una alt\u00edsima calidad del mismo.  NOTA DE CATA: Este aceite presenta un frutado intenso. Caracterizado por su color verde acentuado, produce sensaciones que se identifican con el frescor de la aceituna verde. Su aroma recuerda a la hierba reci\u00e9n cortada, apreci\u00e1ndose notas de manzana, almendra e higuera.  USO RECOMENDADO: Este formato es muy adecuado para familias peque\u00f1as y para aquellas personas que dispongan de menos espacio. Es f\u00e1cil de transportar al ser de menor peso.","og_url":"https:\/\/aljaoliva.com\/fr\/productos\/aove-sin-filtrar-botella-3l\/","og_site_name":"AljaOliva","article_modified_time":"2025-11-13T14:07:15+00:00","og_image":[{"width":500,"height":500,"url":"https:\/\/aljaoliva.com\/wp-content\/uploads\/2022\/05\/3x3.png","type":"image\/png"}],"twitter_card":"summary_large_image","schema":{"@context":"https:\/\/schema.org","@graph":[{"@type":"WebPage","@id":"https:\/\/aljaoliva.com\/fr\/productos\/aove-sin-filtrar-botella-3l\/","url":"https:\/\/aljaoliva.com\/fr\/productos\/aove-sin-filtrar-botella-3l\/","name":"ACEITE DE OLIVA VIRGEN EXTRA sin filtrar Botella 3L Caja Con 3 Unidades - AljaOliva","isPartOf":{"@id":"https:\/\/aljaoliva.com\/en\/#website"},"datePublished":"2022-05-09T18:00:12+00:00","dateModified":"2025-11-13T14:07:15+00:00","breadcrumb":{"@id":"https:\/\/aljaoliva.com\/fr\/productos\/aove-sin-filtrar-botella-3l\/#breadcrumb"},"inLanguage":"fr-FR","potentialAction":[{"@type":"ReadAction","target":["https:\/\/aljaoliva.com\/fr\/productos\/aove-sin-filtrar-botella-3l\/"]}]},{"@type":"BreadcrumbList","@id":"https:\/\/aljaoliva.com\/fr\/productos\/aove-sin-filtrar-botella-3l\/#breadcrumb","itemListElement":[{"@type":"ListItem","position":1,"name":"Portada","item":"https:\/\/aljaoliva.com\/fr\/"},{"@type":"ListItem","position":2,"name":"Tienda","item":"https:\/\/aljaoliva.com\/tienda-aljaoliva\/"},{"@type":"ListItem","position":3,"name":"ACEITE DE OLIVA VIRGEN EXTRA sin filtrar Botella 3LCaja Con 3 Unidades"}]},{"@type":"WebSite","@id":"https:\/\/aljaoliva.com\/en\/#website","url":"https:\/\/aljaoliva.com\/en\/","name":"AljaOliva","description":"Aceite de Oliva Virgen Extra","publisher":{"@id":"https:\/\/aljaoliva.com\/en\/#organization"},"potentialAction":[{"@type":"SearchAction","target":{"@type":"EntryPoint","urlTemplate":"https:\/\/aljaoliva.com\/en\/?s={search_term_string}"},"query-input":"required name=search_term_string"}],"inLanguage":"fr-FR"},{"@type":"Organization","@id":"https:\/\/aljaoliva.com\/en\/#organization","name":"Aljaoliva, S.L.","url":"https:\/\/aljaoliva.com\/en\/","logo":{"@type":"ImageObject","inLanguage":"fr-FR","@id":"https:\/\/aljaoliva.com\/en\/#\/schema\/logo\/image\/","url":"https:\/\/aljaoliva.com\/wp-content\/uploads\/2020\/04\/logo-horizontal-blanco-aljaoliva.png","contentUrl":"https:\/\/aljaoliva.com\/wp-content\/uploads\/2020\/04\/logo-horizontal-blanco-aljaoliva.png","width":250,"height":69,"caption":"Aljaoliva, S.L."},"image":{"@id":"https:\/\/aljaoliva.com\/en\/#\/schema\/logo\/image\/"}}]}},"_links":{"self":[{"href":"https:\/\/aljaoliva.com\/fr\/wp-json\/wp\/v2\/product\/23643"}],"collection":[{"href":"https:\/\/aljaoliva.com\/fr\/wp-json\/wp\/v2\/product"}],"about":[{"href":"https:\/\/aljaoliva.com\/fr\/wp-json\/wp\/v2\/types\/product"}],"wp:featuredmedia":[{"embeddable":true,"href":"https:\/\/aljaoliva.com\/fr\/wp-json\/wp\/v2\/media\/24909"}],"wp:attachment":[{"href":"https:\/\/aljaoliva.com\/fr\/wp-json\/wp\/v2\/media?parent=23643"}],"wp:term":[{"taxonomy":"product_cat","embeddable":true,"href":"https:\/\/aljaoliva.com\/fr\/wp-json\/wp\/v2\/product_cat?post=23643"},{"taxonomy":"product_tag","embeddable":true,"href":"https:\/\/aljaoliva.com\/fr\/wp-json\/wp\/v2\/product_tag?post=23643"}],"curies":[{"name":"wp","href":"https:\/\/api.w.org\/{rel}","templated":true}]}}