{"id":23636,"date":"2020-06-09T12:03:35","date_gmt":"2020-06-09T12:03:35","guid":{"rendered":"https:\/\/aljaoliva.com\/productos\/aove-botella-ecologico-5l-caja-con-3-unidades\/"},"modified":"2025-11-13T14:15:24","modified_gmt":"2025-11-13T14:15:24","slug":"aove-botella-ecologico-5l-caja-con-3-unidades","status":"publish","type":"product","link":"https:\/\/aljaoliva.com\/fr\/productos\/aove-botella-ecologico-5l-caja-con-3-unidades\/","title":{"rendered":"ACEITE DE OLIVA VIRGEN EXTRA Botella 5L Ecol\u00f3gico<Br>Caja Con 3 Unidades<Br\/>"},"content":{"rendered":"<p>AOVE Botella 5L Ecol\u00f3gico<br \/>\nCaja Con 3 Unidades<\/p>\n","protected":false},"excerpt":{"rendered":"<p>Nuestro Aceite de Oliva Virgen Extra Ecol\u00f3gico procede del cultivo ecol\u00f3gico controlado, est\u00e1 autorizado por un organismo de certificaci\u00f3n autorizado en Andaluc\u00eda. En cuanto a sus caracter\u00edsticas organol\u00e9pticas, son muy similares a los Aceites de Oliva Virgen Extra Aljaoliva, se encuentra sin filtrar, siendo las variedades utilizadas las propias del Aljarafe sevillano, en diferentes porcentajes seleccionados en cuanto a calidad resultando un coupage exquisito.<\/p>\n<p>Nuestra cuidada producci\u00f3n de Aceite de Oliva Virgen Extra Ecol\u00f3gico garantiza al 100% el respeto por el medio ambiente, al igual que los procesos de extracci\u00f3n en fr\u00edo y las controladas t\u00e9cnicas de producci\u00f3n que hacen de este Virgen Extra un producto saludable, natural y con muchas propiedades beneficiosas para la salud.<\/p>\n","protected":false},"featured_media":25624,"template":"","meta":{"_joinchat":[]},"product_cat":[450],"product_tag":[],"acf":[],"yoast_head":"<!-- This site is optimized with the Yoast SEO plugin v20.3 - https:\/\/yoast.com\/wordpress\/plugins\/seo\/ -->\n<title>ACEITE DE OLIVA VIRGEN EXTRA Botella 5L Ecol\u00f3gicoCaja Con 3 Unidades - AljaOliva<\/title>\n<meta name=\"robots\" content=\"index, follow, max-snippet:-1, max-image-preview:large, max-video-preview:-1\" \/>\n<link rel=\"canonical\" href=\"https:\/\/aljaoliva.com\/fr\/productos\/aove-botella-ecologico-5l-caja-con-3-unidades\/\" \/>\n<meta property=\"og:locale\" content=\"fr_FR\" \/>\n<meta property=\"og:type\" content=\"article\" \/>\n<meta property=\"og:title\" content=\"ACEITE DE OLIVA VIRGEN EXTRA Botella 5L Ecol\u00f3gicoCaja Con 3 Unidades - AljaOliva\" \/>\n<meta property=\"og:description\" content=\"Nuestro Aceite de Oliva Virgen Extra Ecol\u00f3gico procede del cultivo ecol\u00f3gico controlado, est\u00e1 autorizado por un organismo de certificaci\u00f3n autorizado en Andaluc\u00eda. En cuanto a sus caracter\u00edsticas organol\u00e9pticas, son muy similares a los Aceites de Oliva Virgen Extra Aljaoliva, se encuentra sin filtrar, siendo las variedades utilizadas las propias del Aljarafe sevillano, en diferentes porcentajes seleccionados en cuanto a calidad resultando un coupage exquisito.  Nuestra cuidada producci\u00f3n de Aceite de Oliva Virgen Extra Ecol\u00f3gico garantiza al 100% el respeto por el medio ambiente, al igual que los procesos de extracci\u00f3n en fr\u00edo y las controladas t\u00e9cnicas de producci\u00f3n que hacen de este Virgen Extra un producto saludable, natural y con muchas propiedades beneficiosas para la salud.\" \/>\n<meta property=\"og:url\" content=\"https:\/\/aljaoliva.com\/fr\/productos\/aove-botella-ecologico-5l-caja-con-3-unidades\/\" \/>\n<meta property=\"og:site_name\" content=\"AljaOliva\" \/>\n<meta property=\"article:modified_time\" content=\"2025-11-13T14:15:24+00:00\" \/>\n<meta property=\"og:image\" content=\"https:\/\/aljaoliva.com\/wp-content\/uploads\/2022\/05\/Diseno-sin-titulo-23.jpg\" \/>\n\t<meta property=\"og:image:width\" content=\"500\" \/>\n\t<meta property=\"og:image:height\" content=\"500\" \/>\n\t<meta property=\"og:image:type\" content=\"image\/jpeg\" \/>\n<meta name=\"twitter:card\" content=\"summary_large_image\" \/>\n<meta name=\"twitter:label1\" content=\"Dur\u00e9e de lecture estim\u00e9e\" \/>\n\t<meta name=\"twitter:data1\" content=\"1 minute\" \/>\n<script type=\"application\/ld+json\" class=\"yoast-schema-graph\">{\"@context\":\"https:\/\/schema.org\",\"@graph\":[{\"@type\":\"WebPage\",\"@id\":\"https:\/\/aljaoliva.com\/fr\/productos\/aove-botella-ecologico-5l-caja-con-3-unidades\/\",\"url\":\"https:\/\/aljaoliva.com\/fr\/productos\/aove-botella-ecologico-5l-caja-con-3-unidades\/\",\"name\":\"ACEITE DE OLIVA VIRGEN EXTRA Botella 5L Ecol\u00f3gico Caja Con 3 Unidades - AljaOliva\",\"isPartOf\":{\"@id\":\"https:\/\/aljaoliva.com\/en\/#website\"},\"datePublished\":\"2020-06-09T12:03:35+00:00\",\"dateModified\":\"2025-11-13T14:15:24+00:00\",\"breadcrumb\":{\"@id\":\"https:\/\/aljaoliva.com\/fr\/productos\/aove-botella-ecologico-5l-caja-con-3-unidades\/#breadcrumb\"},\"inLanguage\":\"fr-FR\",\"potentialAction\":[{\"@type\":\"ReadAction\",\"target\":[\"https:\/\/aljaoliva.com\/fr\/productos\/aove-botella-ecologico-5l-caja-con-3-unidades\/\"]}]},{\"@type\":\"BreadcrumbList\",\"@id\":\"https:\/\/aljaoliva.com\/fr\/productos\/aove-botella-ecologico-5l-caja-con-3-unidades\/#breadcrumb\",\"itemListElement\":[{\"@type\":\"ListItem\",\"position\":1,\"name\":\"Portada\",\"item\":\"https:\/\/aljaoliva.com\/fr\/\"},{\"@type\":\"ListItem\",\"position\":2,\"name\":\"Tienda\",\"item\":\"https:\/\/aljaoliva.com\/tienda-aljaoliva\/\"},{\"@type\":\"ListItem\",\"position\":3,\"name\":\"ACEITE DE OLIVA VIRGEN EXTRA Botella 5L Ecol\u00f3gicoCaja Con 3 Unidades\"}]},{\"@type\":\"WebSite\",\"@id\":\"https:\/\/aljaoliva.com\/en\/#website\",\"url\":\"https:\/\/aljaoliva.com\/en\/\",\"name\":\"AljaOliva\",\"description\":\"Aceite de Oliva Virgen Extra\",\"publisher\":{\"@id\":\"https:\/\/aljaoliva.com\/en\/#organization\"},\"potentialAction\":[{\"@type\":\"SearchAction\",\"target\":{\"@type\":\"EntryPoint\",\"urlTemplate\":\"https:\/\/aljaoliva.com\/en\/?s={search_term_string}\"},\"query-input\":\"required name=search_term_string\"}],\"inLanguage\":\"fr-FR\"},{\"@type\":\"Organization\",\"@id\":\"https:\/\/aljaoliva.com\/en\/#organization\",\"name\":\"Aljaoliva, S.L.\",\"url\":\"https:\/\/aljaoliva.com\/en\/\",\"logo\":{\"@type\":\"ImageObject\",\"inLanguage\":\"fr-FR\",\"@id\":\"https:\/\/aljaoliva.com\/en\/#\/schema\/logo\/image\/\",\"url\":\"https:\/\/aljaoliva.com\/wp-content\/uploads\/2020\/04\/logo-horizontal-blanco-aljaoliva.png\",\"contentUrl\":\"https:\/\/aljaoliva.com\/wp-content\/uploads\/2020\/04\/logo-horizontal-blanco-aljaoliva.png\",\"width\":250,\"height\":69,\"caption\":\"Aljaoliva, S.L.\"},\"image\":{\"@id\":\"https:\/\/aljaoliva.com\/en\/#\/schema\/logo\/image\/\"}}]}<\/script>\n<!-- \/ Yoast SEO plugin. -->","yoast_head_json":{"title":"ACEITE DE OLIVA VIRGEN EXTRA Botella 5L Ecol\u00f3gicoCaja Con 3 Unidades - AljaOliva","robots":{"index":"index","follow":"follow","max-snippet":"max-snippet:-1","max-image-preview":"max-image-preview:large","max-video-preview":"max-video-preview:-1"},"canonical":"https:\/\/aljaoliva.com\/fr\/productos\/aove-botella-ecologico-5l-caja-con-3-unidades\/","og_locale":"fr_FR","og_type":"article","og_title":"ACEITE DE OLIVA VIRGEN EXTRA Botella 5L Ecol\u00f3gicoCaja Con 3 Unidades - AljaOliva","og_description":"Nuestro Aceite de Oliva Virgen Extra Ecol\u00f3gico procede del cultivo ecol\u00f3gico controlado, est\u00e1 autorizado por un organismo de certificaci\u00f3n autorizado en Andaluc\u00eda. En cuanto a sus caracter\u00edsticas organol\u00e9pticas, son muy similares a los Aceites de Oliva Virgen Extra Aljaoliva, se encuentra sin filtrar, siendo las variedades utilizadas las propias del Aljarafe sevillano, en diferentes porcentajes seleccionados en cuanto a calidad resultando un coupage exquisito.  Nuestra cuidada producci\u00f3n de Aceite de Oliva Virgen Extra Ecol\u00f3gico garantiza al 100% el respeto por el medio ambiente, al igual que los procesos de extracci\u00f3n en fr\u00edo y las controladas t\u00e9cnicas de producci\u00f3n que hacen de este Virgen Extra un producto saludable, natural y con muchas propiedades beneficiosas para la salud.","og_url":"https:\/\/aljaoliva.com\/fr\/productos\/aove-botella-ecologico-5l-caja-con-3-unidades\/","og_site_name":"AljaOliva","article_modified_time":"2025-11-13T14:15:24+00:00","og_image":[{"width":500,"height":500,"url":"https:\/\/aljaoliva.com\/wp-content\/uploads\/2022\/05\/Diseno-sin-titulo-23.jpg","type":"image\/jpeg"}],"twitter_card":"summary_large_image","twitter_misc":{"Dur\u00e9e de lecture estim\u00e9e":"1 minute"},"schema":{"@context":"https:\/\/schema.org","@graph":[{"@type":"WebPage","@id":"https:\/\/aljaoliva.com\/fr\/productos\/aove-botella-ecologico-5l-caja-con-3-unidades\/","url":"https:\/\/aljaoliva.com\/fr\/productos\/aove-botella-ecologico-5l-caja-con-3-unidades\/","name":"ACEITE DE OLIVA VIRGEN EXTRA Botella 5L Ecol\u00f3gico Caja Con 3 Unidades - AljaOliva","isPartOf":{"@id":"https:\/\/aljaoliva.com\/en\/#website"},"datePublished":"2020-06-09T12:03:35+00:00","dateModified":"2025-11-13T14:15:24+00:00","breadcrumb":{"@id":"https:\/\/aljaoliva.com\/fr\/productos\/aove-botella-ecologico-5l-caja-con-3-unidades\/#breadcrumb"},"inLanguage":"fr-FR","potentialAction":[{"@type":"ReadAction","target":["https:\/\/aljaoliva.com\/fr\/productos\/aove-botella-ecologico-5l-caja-con-3-unidades\/"]}]},{"@type":"BreadcrumbList","@id":"https:\/\/aljaoliva.com\/fr\/productos\/aove-botella-ecologico-5l-caja-con-3-unidades\/#breadcrumb","itemListElement":[{"@type":"ListItem","position":1,"name":"Portada","item":"https:\/\/aljaoliva.com\/fr\/"},{"@type":"ListItem","position":2,"name":"Tienda","item":"https:\/\/aljaoliva.com\/tienda-aljaoliva\/"},{"@type":"ListItem","position":3,"name":"ACEITE DE OLIVA VIRGEN EXTRA Botella 5L Ecol\u00f3gicoCaja Con 3 Unidades"}]},{"@type":"WebSite","@id":"https:\/\/aljaoliva.com\/en\/#website","url":"https:\/\/aljaoliva.com\/en\/","name":"AljaOliva","description":"Aceite de Oliva Virgen Extra","publisher":{"@id":"https:\/\/aljaoliva.com\/en\/#organization"},"potentialAction":[{"@type":"SearchAction","target":{"@type":"EntryPoint","urlTemplate":"https:\/\/aljaoliva.com\/en\/?s={search_term_string}"},"query-input":"required name=search_term_string"}],"inLanguage":"fr-FR"},{"@type":"Organization","@id":"https:\/\/aljaoliva.com\/en\/#organization","name":"Aljaoliva, S.L.","url":"https:\/\/aljaoliva.com\/en\/","logo":{"@type":"ImageObject","inLanguage":"fr-FR","@id":"https:\/\/aljaoliva.com\/en\/#\/schema\/logo\/image\/","url":"https:\/\/aljaoliva.com\/wp-content\/uploads\/2020\/04\/logo-horizontal-blanco-aljaoliva.png","contentUrl":"https:\/\/aljaoliva.com\/wp-content\/uploads\/2020\/04\/logo-horizontal-blanco-aljaoliva.png","width":250,"height":69,"caption":"Aljaoliva, S.L."},"image":{"@id":"https:\/\/aljaoliva.com\/en\/#\/schema\/logo\/image\/"}}]}},"_links":{"self":[{"href":"https:\/\/aljaoliva.com\/fr\/wp-json\/wp\/v2\/product\/23636"}],"collection":[{"href":"https:\/\/aljaoliva.com\/fr\/wp-json\/wp\/v2\/product"}],"about":[{"href":"https:\/\/aljaoliva.com\/fr\/wp-json\/wp\/v2\/types\/product"}],"wp:featuredmedia":[{"embeddable":true,"href":"https:\/\/aljaoliva.com\/fr\/wp-json\/wp\/v2\/media\/25624"}],"wp:attachment":[{"href":"https:\/\/aljaoliva.com\/fr\/wp-json\/wp\/v2\/media?parent=23636"}],"wp:term":[{"taxonomy":"product_cat","embeddable":true,"href":"https:\/\/aljaoliva.com\/fr\/wp-json\/wp\/v2\/product_cat?post=23636"},{"taxonomy":"product_tag","embeddable":true,"href":"https:\/\/aljaoliva.com\/fr\/wp-json\/wp\/v2\/product_tag?post=23636"}],"curies":[{"name":"wp","href":"https:\/\/api.w.org\/{rel}","templated":true}]}}