{"id":23134,"date":"2020-03-06T11:47:53","date_gmt":"2020-03-06T11:47:53","guid":{"rendered":"https:\/\/aljaoliva.com\/productos\/aove-botella-1l\/"},"modified":"2021-08-25T10:44:53","modified_gmt":"2021-08-25T10:44:53","slug":"aove-botella-1l","status":"publish","type":"product","link":"https:\/\/aljaoliva.com\/fr\/productos\/aove-botella-1l\/","title":{"rendered":"HOVE Bouteille 1L<br>Coffret de 12 unit\u00e9s<br\/>"},"content":{"rendered":"","protected":false},"excerpt":{"rendered":"<p><strong>VARI\u00c9T\u00c9S:<\/strong> La principale vari\u00e9t\u00e9 est la manzanilla, issue de notre r\u00e9gion, ainsi que la verdial et la gordal. La manzanilla donne \u00e0 l&rsquo;huile un caract\u00e8re tr\u00e8s fruit\u00e9 et quelque peu ardent. En revanche, l&rsquo;huile de verdial est plus douce et plus fruit\u00e9e. La plus particuli\u00e8re et exclusive est l&rsquo;huile du petit gordal, appel\u00e9e azofair\u00f3n.<\/p>\n<p><strong>\u00c9LABORATION:<\/strong> L&rsquo;huile est produite d\u00e8s que les olives arrivent \u00e0 notre moulin, la temp\u00e9rature \u00e9tant contr\u00f4l\u00e9e depuis le moment o\u00f9 elles sont d\u00e9charg\u00e9es jusqu&rsquo;\u00e0 la centrifugation finale. On obtient une plus petite quantit\u00e9 d&rsquo;huile mais de tr\u00e8s haute qualit\u00e9.<\/p>\n<p><strong>NOTE DE D\u00c9GUSTATION:<\/strong> Cette huile a un caract\u00e8re fruit\u00e9 intense. Caract\u00e9ris\u00e9 par sa couleur verte accentu\u00e9e, elle produit des sensations qui s&rsquo;identifient \u00e0 la fra\u00eecheur de l&rsquo;olive verte. Son ar\u00f4me rappelle l&rsquo;herbe fra\u00eechement coup\u00e9e, avec des notes de pommes, d&rsquo;amandes et de figues.<\/p>\n<p><strong>USAGE RECOMMAND\u00c9: <\/strong>Ce format est tr\u00e8s adapt\u00e9 aux besoins des petites familles et\/ou familles monoparentales qui disposent de peu d&rsquo;espace. Il est facile \u00e0 manipuler et \u00e0 transporter car plus l\u00e9ger.<\/p>\n","protected":false},"featured_media":23136,"template":"","meta":{"_joinchat":{"message_send":"Deseas conocer mas sobre nuestro envase de 5l ?"}},"product_cat":[457,433],"product_tag":[],"acf":[],"yoast_head":"<!-- This site is optimized with the Yoast SEO plugin v20.3 - https:\/\/yoast.com\/wordpress\/plugins\/seo\/ -->\n<title>HOVE Bouteille 1LCoffret de 12 unit\u00e9s - AljaOliva<\/title>\n<meta name=\"description\" content=\"Se \u00a0trata \u00a0de un \u00a0aceite \u00a0que \u00a0se \u00a0caracteriza \u00a0por \u00a0su \u00a0color \u00a0 verde \u00a0acentuado \u00a0que \u00a0produce sensaciones \u00a0que \u00a0lo \u00a0identifican con su \u00a0frescor \u00a0de \u00a0la \u00a0aceituna \u00a0verde.\" \/>\n<meta name=\"robots\" content=\"index, follow, max-snippet:-1, max-image-preview:large, max-video-preview:-1\" \/>\n<link rel=\"canonical\" href=\"https:\/\/aljaoliva.com\/fr\/productos\/aove-botella-1l\/\" \/>\n<meta property=\"og:locale\" content=\"fr_FR\" \/>\n<meta property=\"og:type\" content=\"article\" \/>\n<meta property=\"og:title\" content=\"HOVE Bouteille 1LCoffret de 12 unit\u00e9s - AljaOliva\" \/>\n<meta property=\"og:description\" content=\"Se \u00a0trata \u00a0de un \u00a0aceite \u00a0que \u00a0se \u00a0caracteriza \u00a0por \u00a0su \u00a0color \u00a0 verde \u00a0acentuado \u00a0que \u00a0produce sensaciones \u00a0que \u00a0lo \u00a0identifican con su \u00a0frescor \u00a0de \u00a0la \u00a0aceituna \u00a0verde.\" \/>\n<meta property=\"og:url\" content=\"https:\/\/aljaoliva.com\/fr\/productos\/aove-botella-1l\/\" \/>\n<meta property=\"og:site_name\" content=\"AljaOliva\" \/>\n<meta property=\"article:modified_time\" content=\"2021-08-25T10:44:53+00:00\" \/>\n<meta property=\"og:image\" content=\"https:\/\/aljaoliva.com\/wp-content\/uploads\/2020\/11\/1Litro-ALJAOLIVA.jpg\" \/>\n\t<meta property=\"og:image:width\" content=\"856\" \/>\n\t<meta property=\"og:image:height\" content=\"1267\" \/>\n\t<meta property=\"og:image:type\" content=\"image\/jpeg\" \/>\n<meta name=\"twitter:card\" content=\"summary_large_image\" \/>\n<script type=\"application\/ld+json\" class=\"yoast-schema-graph\">{\"@context\":\"https:\/\/schema.org\",\"@graph\":[{\"@type\":\"WebPage\",\"@id\":\"https:\/\/aljaoliva.com\/fr\/productos\/aove-botella-1l\/\",\"url\":\"https:\/\/aljaoliva.com\/fr\/productos\/aove-botella-1l\/\",\"name\":\"HOVE Bouteille 1L Coffret de 12 unit\u00e9s - AljaOliva\",\"isPartOf\":{\"@id\":\"https:\/\/aljaoliva.com\/en\/#website\"},\"datePublished\":\"2020-03-06T11:47:53+00:00\",\"dateModified\":\"2021-08-25T10:44:53+00:00\",\"description\":\"Se \u00a0trata \u00a0de un \u00a0aceite \u00a0que \u00a0se \u00a0caracteriza \u00a0por \u00a0su \u00a0color \u00a0 verde \u00a0acentuado \u00a0que \u00a0produce sensaciones \u00a0que \u00a0lo \u00a0identifican con su \u00a0frescor \u00a0de \u00a0la \u00a0aceituna \u00a0verde.\",\"breadcrumb\":{\"@id\":\"https:\/\/aljaoliva.com\/fr\/productos\/aove-botella-1l\/#breadcrumb\"},\"inLanguage\":\"fr-FR\",\"potentialAction\":[{\"@type\":\"ReadAction\",\"target\":[\"https:\/\/aljaoliva.com\/fr\/productos\/aove-botella-1l\/\"]}]},{\"@type\":\"BreadcrumbList\",\"@id\":\"https:\/\/aljaoliva.com\/fr\/productos\/aove-botella-1l\/#breadcrumb\",\"itemListElement\":[{\"@type\":\"ListItem\",\"position\":1,\"name\":\"Portada\",\"item\":\"https:\/\/aljaoliva.com\/fr\/\"},{\"@type\":\"ListItem\",\"position\":2,\"name\":\"Tienda\",\"item\":\"https:\/\/aljaoliva.com\/tienda-aljaoliva\/\"},{\"@type\":\"ListItem\",\"position\":3,\"name\":\"HOVE Bouteille 1LCoffret de 12 unit\u00e9s\"}]},{\"@type\":\"WebSite\",\"@id\":\"https:\/\/aljaoliva.com\/en\/#website\",\"url\":\"https:\/\/aljaoliva.com\/en\/\",\"name\":\"AljaOliva\",\"description\":\"Aceite de Oliva Virgen Extra\",\"publisher\":{\"@id\":\"https:\/\/aljaoliva.com\/en\/#organization\"},\"potentialAction\":[{\"@type\":\"SearchAction\",\"target\":{\"@type\":\"EntryPoint\",\"urlTemplate\":\"https:\/\/aljaoliva.com\/en\/?s={search_term_string}\"},\"query-input\":\"required name=search_term_string\"}],\"inLanguage\":\"fr-FR\"},{\"@type\":\"Organization\",\"@id\":\"https:\/\/aljaoliva.com\/en\/#organization\",\"name\":\"Aljaoliva, S.L.\",\"url\":\"https:\/\/aljaoliva.com\/en\/\",\"logo\":{\"@type\":\"ImageObject\",\"inLanguage\":\"fr-FR\",\"@id\":\"https:\/\/aljaoliva.com\/en\/#\/schema\/logo\/image\/\",\"url\":\"https:\/\/aljaoliva.com\/wp-content\/uploads\/2020\/04\/logo-horizontal-blanco-aljaoliva.png\",\"contentUrl\":\"https:\/\/aljaoliva.com\/wp-content\/uploads\/2020\/04\/logo-horizontal-blanco-aljaoliva.png\",\"width\":250,\"height\":69,\"caption\":\"Aljaoliva, S.L.\"},\"image\":{\"@id\":\"https:\/\/aljaoliva.com\/en\/#\/schema\/logo\/image\/\"}}]}<\/script>\n<!-- \/ Yoast SEO plugin. -->","yoast_head_json":{"title":"HOVE Bouteille 1LCoffret de 12 unit\u00e9s - AljaOliva","description":"Se \u00a0trata \u00a0de un \u00a0aceite \u00a0que \u00a0se \u00a0caracteriza \u00a0por \u00a0su \u00a0color \u00a0 verde \u00a0acentuado \u00a0que \u00a0produce sensaciones \u00a0que \u00a0lo \u00a0identifican con su \u00a0frescor \u00a0de \u00a0la \u00a0aceituna \u00a0verde.","robots":{"index":"index","follow":"follow","max-snippet":"max-snippet:-1","max-image-preview":"max-image-preview:large","max-video-preview":"max-video-preview:-1"},"canonical":"https:\/\/aljaoliva.com\/fr\/productos\/aove-botella-1l\/","og_locale":"fr_FR","og_type":"article","og_title":"HOVE Bouteille 1LCoffret de 12 unit\u00e9s - AljaOliva","og_description":"Se \u00a0trata \u00a0de un \u00a0aceite \u00a0que \u00a0se \u00a0caracteriza \u00a0por \u00a0su \u00a0color \u00a0 verde \u00a0acentuado \u00a0que \u00a0produce sensaciones \u00a0que \u00a0lo \u00a0identifican con su \u00a0frescor \u00a0de \u00a0la \u00a0aceituna \u00a0verde.","og_url":"https:\/\/aljaoliva.com\/fr\/productos\/aove-botella-1l\/","og_site_name":"AljaOliva","article_modified_time":"2021-08-25T10:44:53+00:00","og_image":[{"width":856,"height":1267,"url":"https:\/\/aljaoliva.com\/wp-content\/uploads\/2020\/11\/1Litro-ALJAOLIVA.jpg","type":"image\/jpeg"}],"twitter_card":"summary_large_image","schema":{"@context":"https:\/\/schema.org","@graph":[{"@type":"WebPage","@id":"https:\/\/aljaoliva.com\/fr\/productos\/aove-botella-1l\/","url":"https:\/\/aljaoliva.com\/fr\/productos\/aove-botella-1l\/","name":"HOVE Bouteille 1L Coffret de 12 unit\u00e9s - AljaOliva","isPartOf":{"@id":"https:\/\/aljaoliva.com\/en\/#website"},"datePublished":"2020-03-06T11:47:53+00:00","dateModified":"2021-08-25T10:44:53+00:00","description":"Se \u00a0trata \u00a0de un \u00a0aceite \u00a0que \u00a0se \u00a0caracteriza \u00a0por \u00a0su \u00a0color \u00a0 verde \u00a0acentuado \u00a0que \u00a0produce sensaciones \u00a0que \u00a0lo \u00a0identifican con su \u00a0frescor \u00a0de \u00a0la \u00a0aceituna \u00a0verde.","breadcrumb":{"@id":"https:\/\/aljaoliva.com\/fr\/productos\/aove-botella-1l\/#breadcrumb"},"inLanguage":"fr-FR","potentialAction":[{"@type":"ReadAction","target":["https:\/\/aljaoliva.com\/fr\/productos\/aove-botella-1l\/"]}]},{"@type":"BreadcrumbList","@id":"https:\/\/aljaoliva.com\/fr\/productos\/aove-botella-1l\/#breadcrumb","itemListElement":[{"@type":"ListItem","position":1,"name":"Portada","item":"https:\/\/aljaoliva.com\/fr\/"},{"@type":"ListItem","position":2,"name":"Tienda","item":"https:\/\/aljaoliva.com\/tienda-aljaoliva\/"},{"@type":"ListItem","position":3,"name":"HOVE Bouteille 1LCoffret de 12 unit\u00e9s"}]},{"@type":"WebSite","@id":"https:\/\/aljaoliva.com\/en\/#website","url":"https:\/\/aljaoliva.com\/en\/","name":"AljaOliva","description":"Aceite de Oliva Virgen Extra","publisher":{"@id":"https:\/\/aljaoliva.com\/en\/#organization"},"potentialAction":[{"@type":"SearchAction","target":{"@type":"EntryPoint","urlTemplate":"https:\/\/aljaoliva.com\/en\/?s={search_term_string}"},"query-input":"required name=search_term_string"}],"inLanguage":"fr-FR"},{"@type":"Organization","@id":"https:\/\/aljaoliva.com\/en\/#organization","name":"Aljaoliva, S.L.","url":"https:\/\/aljaoliva.com\/en\/","logo":{"@type":"ImageObject","inLanguage":"fr-FR","@id":"https:\/\/aljaoliva.com\/en\/#\/schema\/logo\/image\/","url":"https:\/\/aljaoliva.com\/wp-content\/uploads\/2020\/04\/logo-horizontal-blanco-aljaoliva.png","contentUrl":"https:\/\/aljaoliva.com\/wp-content\/uploads\/2020\/04\/logo-horizontal-blanco-aljaoliva.png","width":250,"height":69,"caption":"Aljaoliva, S.L."},"image":{"@id":"https:\/\/aljaoliva.com\/en\/#\/schema\/logo\/image\/"}}]}},"_links":{"self":[{"href":"https:\/\/aljaoliva.com\/fr\/wp-json\/wp\/v2\/product\/23134"}],"collection":[{"href":"https:\/\/aljaoliva.com\/fr\/wp-json\/wp\/v2\/product"}],"about":[{"href":"https:\/\/aljaoliva.com\/fr\/wp-json\/wp\/v2\/types\/product"}],"wp:featuredmedia":[{"embeddable":true,"href":"https:\/\/aljaoliva.com\/fr\/wp-json\/wp\/v2\/media\/23136"}],"wp:attachment":[{"href":"https:\/\/aljaoliva.com\/fr\/wp-json\/wp\/v2\/media?parent=23134"}],"wp:term":[{"taxonomy":"product_cat","embeddable":true,"href":"https:\/\/aljaoliva.com\/fr\/wp-json\/wp\/v2\/product_cat?post=23134"},{"taxonomy":"product_tag","embeddable":true,"href":"https:\/\/aljaoliva.com\/fr\/wp-json\/wp\/v2\/product_tag?post=23134"}],"curies":[{"name":"wp","href":"https:\/\/api.w.org\/{rel}","templated":true}]}}