{"id":24170,"date":"2022-03-02T10:14:58","date_gmt":"2022-03-02T10:14:58","guid":{"rendered":""},"modified":"2025-11-13T14:12:42","modified_gmt":"2025-11-13T14:12:42","slug":"lata-de-aove-25-lt-aljaoliva-ecologico","status":"publish","type":"product","link":"https:\/\/aljaoliva.com\/en\/productos\/lata-de-aove-25-lt-aljaoliva-ecologico\/","title":{"rendered":"Lata De ACEITE DE OLIVA VIRGEN EXTRA 2,5 Lt. AljaOliva Ecol\u00f3gico"},"content":{"rendered":"<p>Lata De AOVE 2,5 Lt. Aljaoliva Ecologico<\/p>\n","protected":false},"excerpt":{"rendered":"<p class=\"p1\"><span class=\"s1\"><b>VARIEDADES:<\/b>\u00a0La variedad principal es la Manzanilla, junto\u00a0con la Verdial y la Gordal, aut\u00f3ctonas de esta comarca. El aceite ALJAOLIVA GOURMET se produce a partir de un coupage de estas variedades.<\/span><\/p>\n<p class=\"p1\"><span class=\"s1\"><b>ELABORACI\u00d3N:<\/b>\u00a0El aceite se elabora en el momento en el que llega la aceituna a nuestra almazara, manteniendo la temperatura controlada desde su descarga hasta la centrifugaci\u00f3n final. Se obtiene una menor cantidad de aceite pero una alt\u00edsima calidad del mismo.<\/span><\/p>\n<p class=\"p1\"><span class=\"s1\"><b>NOTA DE CATA:<\/b> Este coupage de AOVE Ecol\u00f3gico \u201cGourmet\u201d, se manifiesta en la entrada en boca, en nariz se aprecian perfectamente los aromas de la verde hierba con matices de almendra alloza. La intensidad del frutado es suave, siendo un aceite equilibrado tanto en nariz como en boca.<\/span><\/p>\n","protected":false},"featured_media":25625,"template":"","meta":{"_joinchat":[]},"product_cat":[430,485],"product_tag":[],"acf":[],"yoast_head":"<!-- This site is optimized with the Yoast SEO plugin v20.3 - https:\/\/yoast.com\/wordpress\/plugins\/seo\/ -->\n<title>Lata De ACEITE DE OLIVA VIRGEN EXTRA 2,5 Lt. AljaOliva Ecol\u00f3gico - AljaOliva<\/title>\n<meta name=\"robots\" content=\"index, follow, max-snippet:-1, max-image-preview:large, max-video-preview:-1\" \/>\n<link rel=\"canonical\" href=\"https:\/\/aljaoliva.com\/en\/productos\/lata-de-aove-25-lt-aljaoliva-ecologico\/\" \/>\n<meta property=\"og:locale\" content=\"en_US\" \/>\n<meta property=\"og:type\" content=\"article\" \/>\n<meta property=\"og:title\" content=\"Lata De ACEITE DE OLIVA VIRGEN EXTRA 2,5 Lt. AljaOliva Ecol\u00f3gico - AljaOliva\" \/>\n<meta property=\"og:description\" content=\"VARIEDADES:\u00a0La variedad principal es la Manzanilla, junto\u00a0con la Verdial y la Gordal, aut\u00f3ctonas de esta comarca. El aceite ALJAOLIVA GOURMET se produce a partir de un coupage de estas variedades. ELABORACI\u00d3N:\u00a0El aceite se elabora en el momento en el que llega la aceituna a nuestra almazara, manteniendo la temperatura controlada desde su descarga hasta la centrifugaci\u00f3n final. Se obtiene una menor cantidad de aceite pero una alt\u00edsima calidad del mismo. NOTA DE CATA: Este coupage de AOVE Ecol\u00f3gico \u201cGourmet\u201d, se manifiesta en la entrada en boca, en nariz se aprecian perfectamente los aromas de la verde hierba con matices de almendra alloza. La intensidad del frutado es suave, siendo un aceite equilibrado tanto en nariz como en boca.\" \/>\n<meta property=\"og:url\" content=\"https:\/\/aljaoliva.com\/productos\/lata-de-aove-25-lt-aljaoliva-ecologico\/\" \/>\n<meta property=\"og:site_name\" content=\"AljaOliva\" \/>\n<meta property=\"article:modified_time\" content=\"2025-11-13T14:12:42+00:00\" \/>\n<meta property=\"og:image\" content=\"https:\/\/aljaoliva.com\/wp-content\/uploads\/2022\/05\/Diseno-sin-titulo-22.jpg\" \/>\n\t<meta property=\"og:image:width\" content=\"500\" \/>\n\t<meta property=\"og:image:height\" content=\"500\" \/>\n\t<meta property=\"og:image:type\" content=\"image\/jpeg\" \/>\n<meta name=\"twitter:card\" content=\"summary_large_image\" \/>\n<meta name=\"twitter:label1\" content=\"Est. reading time\" \/>\n\t<meta name=\"twitter:data1\" content=\"1 minute\" \/>\n<script type=\"application\/ld+json\" class=\"yoast-schema-graph\">{\"@context\":\"https:\/\/schema.org\",\"@graph\":[{\"@type\":\"WebPage\",\"@id\":\"https:\/\/aljaoliva.com\/productos\/lata-de-aove-25-lt-aljaoliva-ecologico\/\",\"url\":\"https:\/\/aljaoliva.com\/productos\/lata-de-aove-25-lt-aljaoliva-ecologico\/\",\"name\":\"Lata De ACEITE DE OLIVA VIRGEN EXTRA 2,5 Lt. AljaOliva Ecol\u00f3gico - AljaOliva\",\"isPartOf\":{\"@id\":\"https:\/\/aljaoliva.com\/en\/#website\"},\"datePublished\":\"2022-03-02T10:14:58+00:00\",\"dateModified\":\"2025-11-13T14:12:42+00:00\",\"breadcrumb\":{\"@id\":\"https:\/\/aljaoliva.com\/productos\/lata-de-aove-25-lt-aljaoliva-ecologico\/#breadcrumb\"},\"inLanguage\":\"en-US\",\"potentialAction\":[{\"@type\":\"ReadAction\",\"target\":[\"https:\/\/aljaoliva.com\/productos\/lata-de-aove-25-lt-aljaoliva-ecologico\/\"]}]},{\"@type\":\"BreadcrumbList\",\"@id\":\"https:\/\/aljaoliva.com\/productos\/lata-de-aove-25-lt-aljaoliva-ecologico\/#breadcrumb\",\"itemListElement\":[{\"@type\":\"ListItem\",\"position\":1,\"name\":\"Portada\",\"item\":\"https:\/\/aljaoliva.com\/en\/\"},{\"@type\":\"ListItem\",\"position\":2,\"name\":\"Tienda\",\"item\":\"https:\/\/aljaoliva.com\/tienda-aljaoliva\/\"},{\"@type\":\"ListItem\",\"position\":3,\"name\":\"Lata De ACEITE DE OLIVA VIRGEN EXTRA 2,5 Lt. AljaOliva Ecol\u00f3gico\"}]},{\"@type\":\"WebSite\",\"@id\":\"https:\/\/aljaoliva.com\/en\/#website\",\"url\":\"https:\/\/aljaoliva.com\/en\/\",\"name\":\"AljaOliva\",\"description\":\"Aceite de Oliva Virgen Extra\",\"publisher\":{\"@id\":\"https:\/\/aljaoliva.com\/en\/#organization\"},\"potentialAction\":[{\"@type\":\"SearchAction\",\"target\":{\"@type\":\"EntryPoint\",\"urlTemplate\":\"https:\/\/aljaoliva.com\/en\/?s={search_term_string}\"},\"query-input\":\"required name=search_term_string\"}],\"inLanguage\":\"en-US\"},{\"@type\":\"Organization\",\"@id\":\"https:\/\/aljaoliva.com\/en\/#organization\",\"name\":\"Aljaoliva, S.L.\",\"url\":\"https:\/\/aljaoliva.com\/en\/\",\"logo\":{\"@type\":\"ImageObject\",\"inLanguage\":\"en-US\",\"@id\":\"https:\/\/aljaoliva.com\/en\/#\/schema\/logo\/image\/\",\"url\":\"https:\/\/aljaoliva.com\/wp-content\/uploads\/2020\/04\/logo-horizontal-blanco-aljaoliva.png\",\"contentUrl\":\"https:\/\/aljaoliva.com\/wp-content\/uploads\/2020\/04\/logo-horizontal-blanco-aljaoliva.png\",\"width\":250,\"height\":69,\"caption\":\"Aljaoliva, S.L.\"},\"image\":{\"@id\":\"https:\/\/aljaoliva.com\/en\/#\/schema\/logo\/image\/\"}}]}<\/script>\n<!-- \/ Yoast SEO plugin. -->","yoast_head_json":{"title":"Lata De ACEITE DE OLIVA VIRGEN EXTRA 2,5 Lt. AljaOliva Ecol\u00f3gico - AljaOliva","robots":{"index":"index","follow":"follow","max-snippet":"max-snippet:-1","max-image-preview":"max-image-preview:large","max-video-preview":"max-video-preview:-1"},"canonical":"https:\/\/aljaoliva.com\/en\/productos\/lata-de-aove-25-lt-aljaoliva-ecologico\/","og_locale":"en_US","og_type":"article","og_title":"Lata De ACEITE DE OLIVA VIRGEN EXTRA 2,5 Lt. AljaOliva Ecol\u00f3gico - AljaOliva","og_description":"VARIEDADES:\u00a0La variedad principal es la Manzanilla, junto\u00a0con la Verdial y la Gordal, aut\u00f3ctonas de esta comarca. El aceite ALJAOLIVA GOURMET se produce a partir de un coupage de estas variedades. ELABORACI\u00d3N:\u00a0El aceite se elabora en el momento en el que llega la aceituna a nuestra almazara, manteniendo la temperatura controlada desde su descarga hasta la centrifugaci\u00f3n final. Se obtiene una menor cantidad de aceite pero una alt\u00edsima calidad del mismo. NOTA DE CATA: Este coupage de AOVE Ecol\u00f3gico \u201cGourmet\u201d, se manifiesta en la entrada en boca, en nariz se aprecian perfectamente los aromas de la verde hierba con matices de almendra alloza. La intensidad del frutado es suave, siendo un aceite equilibrado tanto en nariz como en boca.","og_url":"https:\/\/aljaoliva.com\/productos\/lata-de-aove-25-lt-aljaoliva-ecologico\/","og_site_name":"AljaOliva","article_modified_time":"2025-11-13T14:12:42+00:00","og_image":[{"width":500,"height":500,"url":"https:\/\/aljaoliva.com\/wp-content\/uploads\/2022\/05\/Diseno-sin-titulo-22.jpg","type":"image\/jpeg"}],"twitter_card":"summary_large_image","twitter_misc":{"Est. reading time":"1 minute"},"schema":{"@context":"https:\/\/schema.org","@graph":[{"@type":"WebPage","@id":"https:\/\/aljaoliva.com\/productos\/lata-de-aove-25-lt-aljaoliva-ecologico\/","url":"https:\/\/aljaoliva.com\/productos\/lata-de-aove-25-lt-aljaoliva-ecologico\/","name":"Lata De ACEITE DE OLIVA VIRGEN EXTRA 2,5 Lt. AljaOliva Ecol\u00f3gico - AljaOliva","isPartOf":{"@id":"https:\/\/aljaoliva.com\/en\/#website"},"datePublished":"2022-03-02T10:14:58+00:00","dateModified":"2025-11-13T14:12:42+00:00","breadcrumb":{"@id":"https:\/\/aljaoliva.com\/productos\/lata-de-aove-25-lt-aljaoliva-ecologico\/#breadcrumb"},"inLanguage":"en-US","potentialAction":[{"@type":"ReadAction","target":["https:\/\/aljaoliva.com\/productos\/lata-de-aove-25-lt-aljaoliva-ecologico\/"]}]},{"@type":"BreadcrumbList","@id":"https:\/\/aljaoliva.com\/productos\/lata-de-aove-25-lt-aljaoliva-ecologico\/#breadcrumb","itemListElement":[{"@type":"ListItem","position":1,"name":"Portada","item":"https:\/\/aljaoliva.com\/en\/"},{"@type":"ListItem","position":2,"name":"Tienda","item":"https:\/\/aljaoliva.com\/tienda-aljaoliva\/"},{"@type":"ListItem","position":3,"name":"Lata De ACEITE DE OLIVA VIRGEN EXTRA 2,5 Lt. AljaOliva Ecol\u00f3gico"}]},{"@type":"WebSite","@id":"https:\/\/aljaoliva.com\/en\/#website","url":"https:\/\/aljaoliva.com\/en\/","name":"AljaOliva","description":"Aceite de Oliva Virgen Extra","publisher":{"@id":"https:\/\/aljaoliva.com\/en\/#organization"},"potentialAction":[{"@type":"SearchAction","target":{"@type":"EntryPoint","urlTemplate":"https:\/\/aljaoliva.com\/en\/?s={search_term_string}"},"query-input":"required name=search_term_string"}],"inLanguage":"en-US"},{"@type":"Organization","@id":"https:\/\/aljaoliva.com\/en\/#organization","name":"Aljaoliva, S.L.","url":"https:\/\/aljaoliva.com\/en\/","logo":{"@type":"ImageObject","inLanguage":"en-US","@id":"https:\/\/aljaoliva.com\/en\/#\/schema\/logo\/image\/","url":"https:\/\/aljaoliva.com\/wp-content\/uploads\/2020\/04\/logo-horizontal-blanco-aljaoliva.png","contentUrl":"https:\/\/aljaoliva.com\/wp-content\/uploads\/2020\/04\/logo-horizontal-blanco-aljaoliva.png","width":250,"height":69,"caption":"Aljaoliva, S.L."},"image":{"@id":"https:\/\/aljaoliva.com\/en\/#\/schema\/logo\/image\/"}}]}},"_links":{"self":[{"href":"https:\/\/aljaoliva.com\/en\/wp-json\/wp\/v2\/product\/24170"}],"collection":[{"href":"https:\/\/aljaoliva.com\/en\/wp-json\/wp\/v2\/product"}],"about":[{"href":"https:\/\/aljaoliva.com\/en\/wp-json\/wp\/v2\/types\/product"}],"wp:featuredmedia":[{"embeddable":true,"href":"https:\/\/aljaoliva.com\/en\/wp-json\/wp\/v2\/media\/25625"}],"wp:attachment":[{"href":"https:\/\/aljaoliva.com\/en\/wp-json\/wp\/v2\/media?parent=24170"}],"wp:term":[{"taxonomy":"product_cat","embeddable":true,"href":"https:\/\/aljaoliva.com\/en\/wp-json\/wp\/v2\/product_cat?post=24170"},{"taxonomy":"product_tag","embeddable":true,"href":"https:\/\/aljaoliva.com\/en\/wp-json\/wp\/v2\/product_tag?post=24170"}],"curies":[{"name":"wp","href":"https:\/\/api.w.org\/{rel}","templated":true}]}}