{"id":22378,"date":"2021-03-23T11:35:29","date_gmt":"2021-03-23T11:35:29","guid":{"rendered":"https:\/\/aljaoliva.com\/?post_type=product&#038;p=22378"},"modified":"2022-03-07T18:53:56","modified_gmt":"2022-03-07T18:53:56","slug":"evoo-5-l-ecological-bottle","status":"publish","type":"product","link":"https:\/\/aljaoliva.com\/en\/productos\/evoo-5-l-ecological-bottle\/","title":{"rendered":"EVOO 5 L ecological Bottle<br>Box contains 3 units<br\/>"},"content":{"rendered":"","protected":false},"excerpt":{"rendered":"<p>Este Aceite de Oliva Virgen Extra Aljaoliva presenta un frutado intenso. Se trata de un aceite que se caracteriza por su color verde acentuado que produce sensaciones que lo identifican con su frescor de la aceituna verde.<\/p>\n<p>Sus aromas recuerdan a hierba reci\u00e9n cortada donde se pueden apreciar notas de manzana, almendra e higuera.<\/p>\n<p>Debido a su delicadeza y a su justo equilibrio \u00a0entre \u00a0picante, amargo y dulce se trata de un Aceite de Oliva Virgen Extra muy vers\u00e1til para su utilizaci\u00f3n como ingrediente principal en cualquier tipo de elaboraci\u00f3n culinaria.<\/p>\n[fusion_button link=\"https:\/\/aljaoliva.com\/wp-content\/uploads\/2021\/03\/Ficha-ALJAOLIVA-ECO-5L-edit-1.pdf\" text_transform=\"uppercase\" title=\"\" target=\"_blank\" link_attributes=\"\" alignment_medium=\"\" alignment_small=\"\" alignment=\"left\" modal=\"\" hide_on_mobile=\"small-visibility,medium-visibility,large-visibility\" sticky_display=\"normal,sticky\" class=\"\" id=\"\" color=\"default\" button_gradient_top_color=\"\" button_gradient_bottom_color=\"\" button_gradient_top_color_hover=\"\" button_gradient_bottom_color_hover=\"\" accent_color=\"\" accent_hover_color=\"\" type=\"\" bevel_color=\"\" border_width=\"\" border_radius=\"\" border_color=\"\" border_hover_color=\"\" size=\"\" stretch=\"default\" margin_top=\"\" margin_right=\"\" margin_bottom=\"\" margin_left=\"\" icon=\"\" icon_position=\"left\" icon_divider=\"no\" animation_type=\"\" animation_direction=\"left\" animation_speed=\"0.3\" animation_offset=\"\"]Ver ficha comercial[\/fusion_button]\n","protected":false},"featured_media":22379,"template":"","meta":{"_joinchat":[]},"product_cat":[430,402],"product_tag":[],"acf":[],"yoast_head":"<!-- This site is optimized with the Yoast SEO plugin v20.3 - https:\/\/yoast.com\/wordpress\/plugins\/seo\/ -->\n<title>EVOO 5 L ecological BottleBox contains 3 units - AljaOliva<\/title>\n<meta name=\"robots\" content=\"index, follow, max-snippet:-1, max-image-preview:large, max-video-preview:-1\" \/>\n<link rel=\"canonical\" href=\"https:\/\/aljaoliva.com\/en\/productos\/evoo-5-l-ecological-bottle\/\" \/>\n<meta property=\"og:locale\" content=\"en_US\" \/>\n<meta property=\"og:type\" content=\"article\" \/>\n<meta property=\"og:title\" content=\"EVOO 5 L ecological BottleBox contains 3 units - AljaOliva\" \/>\n<meta property=\"og:description\" content=\"Este Aceite de Oliva Virgen Extra Aljaoliva presenta un frutado intenso. Se trata de un aceite que se caracteriza por su color verde acentuado que produce sensaciones que lo identifican con su frescor de la aceituna verde.  Sus aromas recuerdan a hierba reci\u00e9n cortada donde se pueden apreciar notas de manzana, almendra e higuera.  Debido a su delicadeza y a su justo equilibrio \u00a0entre \u00a0picante, amargo y dulce se trata de un Aceite de Oliva Virgen Extra muy vers\u00e1til para su utilizaci\u00f3n como ingrediente principal en cualquier tipo de elaboraci\u00f3n culinaria.\" \/>\n<meta property=\"og:url\" content=\"https:\/\/aljaoliva.com\/en\/productos\/evoo-5-l-ecological-bottle\/\" \/>\n<meta property=\"og:site_name\" content=\"AljaOliva\" \/>\n<meta property=\"article:modified_time\" content=\"2022-03-07T18:53:56+00:00\" \/>\n<meta property=\"og:image\" content=\"https:\/\/aljaoliva.com\/wp-content\/uploads\/2021\/03\/5lt-Aljaoliva-ecologico.jpg\" \/>\n\t<meta property=\"og:image:width\" content=\"856\" \/>\n\t<meta property=\"og:image:height\" content=\"1267\" \/>\n\t<meta property=\"og:image:type\" content=\"image\/jpeg\" \/>\n<meta name=\"twitter:card\" content=\"summary_large_image\" \/>\n<script type=\"application\/ld+json\" class=\"yoast-schema-graph\">{\"@context\":\"https:\/\/schema.org\",\"@graph\":[{\"@type\":\"WebPage\",\"@id\":\"https:\/\/aljaoliva.com\/en\/productos\/evoo-5-l-ecological-bottle\/\",\"url\":\"https:\/\/aljaoliva.com\/en\/productos\/evoo-5-l-ecological-bottle\/\",\"name\":\"EVOO 5 L ecological Bottle Box contains 3 units - AljaOliva\",\"isPartOf\":{\"@id\":\"https:\/\/aljaoliva.com\/en\/#website\"},\"datePublished\":\"2021-03-23T11:35:29+00:00\",\"dateModified\":\"2022-03-07T18:53:56+00:00\",\"breadcrumb\":{\"@id\":\"https:\/\/aljaoliva.com\/en\/productos\/evoo-5-l-ecological-bottle\/#breadcrumb\"},\"inLanguage\":\"en-US\",\"potentialAction\":[{\"@type\":\"ReadAction\",\"target\":[\"https:\/\/aljaoliva.com\/en\/productos\/evoo-5-l-ecological-bottle\/\"]}]},{\"@type\":\"BreadcrumbList\",\"@id\":\"https:\/\/aljaoliva.com\/en\/productos\/evoo-5-l-ecological-bottle\/#breadcrumb\",\"itemListElement\":[{\"@type\":\"ListItem\",\"position\":1,\"name\":\"Portada\",\"item\":\"https:\/\/aljaoliva.com\/en\/\"},{\"@type\":\"ListItem\",\"position\":2,\"name\":\"Tienda\",\"item\":\"https:\/\/aljaoliva.com\/tienda-aljaoliva\/\"},{\"@type\":\"ListItem\",\"position\":3,\"name\":\"EVOO 5 L ecological BottleBox contains 3 units\"}]},{\"@type\":\"WebSite\",\"@id\":\"https:\/\/aljaoliva.com\/en\/#website\",\"url\":\"https:\/\/aljaoliva.com\/en\/\",\"name\":\"AljaOliva\",\"description\":\"Aceite de Oliva Virgen Extra\",\"publisher\":{\"@id\":\"https:\/\/aljaoliva.com\/en\/#organization\"},\"potentialAction\":[{\"@type\":\"SearchAction\",\"target\":{\"@type\":\"EntryPoint\",\"urlTemplate\":\"https:\/\/aljaoliva.com\/en\/?s={search_term_string}\"},\"query-input\":\"required name=search_term_string\"}],\"inLanguage\":\"en-US\"},{\"@type\":\"Organization\",\"@id\":\"https:\/\/aljaoliva.com\/en\/#organization\",\"name\":\"Aljaoliva, S.L.\",\"url\":\"https:\/\/aljaoliva.com\/en\/\",\"logo\":{\"@type\":\"ImageObject\",\"inLanguage\":\"en-US\",\"@id\":\"https:\/\/aljaoliva.com\/en\/#\/schema\/logo\/image\/\",\"url\":\"https:\/\/aljaoliva.com\/wp-content\/uploads\/2020\/04\/logo-horizontal-blanco-aljaoliva.png\",\"contentUrl\":\"https:\/\/aljaoliva.com\/wp-content\/uploads\/2020\/04\/logo-horizontal-blanco-aljaoliva.png\",\"width\":250,\"height\":69,\"caption\":\"Aljaoliva, S.L.\"},\"image\":{\"@id\":\"https:\/\/aljaoliva.com\/en\/#\/schema\/logo\/image\/\"}}]}<\/script>\n<!-- \/ Yoast SEO plugin. -->","yoast_head_json":{"title":"EVOO 5 L ecological BottleBox contains 3 units - AljaOliva","robots":{"index":"index","follow":"follow","max-snippet":"max-snippet:-1","max-image-preview":"max-image-preview:large","max-video-preview":"max-video-preview:-1"},"canonical":"https:\/\/aljaoliva.com\/en\/productos\/evoo-5-l-ecological-bottle\/","og_locale":"en_US","og_type":"article","og_title":"EVOO 5 L ecological BottleBox contains 3 units - AljaOliva","og_description":"Este Aceite de Oliva Virgen Extra Aljaoliva presenta un frutado intenso. Se trata de un aceite que se caracteriza por su color verde acentuado que produce sensaciones que lo identifican con su frescor de la aceituna verde.  Sus aromas recuerdan a hierba reci\u00e9n cortada donde se pueden apreciar notas de manzana, almendra e higuera.  Debido a su delicadeza y a su justo equilibrio \u00a0entre \u00a0picante, amargo y dulce se trata de un Aceite de Oliva Virgen Extra muy vers\u00e1til para su utilizaci\u00f3n como ingrediente principal en cualquier tipo de elaboraci\u00f3n culinaria.","og_url":"https:\/\/aljaoliva.com\/en\/productos\/evoo-5-l-ecological-bottle\/","og_site_name":"AljaOliva","article_modified_time":"2022-03-07T18:53:56+00:00","og_image":[{"width":856,"height":1267,"url":"https:\/\/aljaoliva.com\/wp-content\/uploads\/2021\/03\/5lt-Aljaoliva-ecologico.jpg","type":"image\/jpeg"}],"twitter_card":"summary_large_image","schema":{"@context":"https:\/\/schema.org","@graph":[{"@type":"WebPage","@id":"https:\/\/aljaoliva.com\/en\/productos\/evoo-5-l-ecological-bottle\/","url":"https:\/\/aljaoliva.com\/en\/productos\/evoo-5-l-ecological-bottle\/","name":"EVOO 5 L ecological Bottle Box contains 3 units - AljaOliva","isPartOf":{"@id":"https:\/\/aljaoliva.com\/en\/#website"},"datePublished":"2021-03-23T11:35:29+00:00","dateModified":"2022-03-07T18:53:56+00:00","breadcrumb":{"@id":"https:\/\/aljaoliva.com\/en\/productos\/evoo-5-l-ecological-bottle\/#breadcrumb"},"inLanguage":"en-US","potentialAction":[{"@type":"ReadAction","target":["https:\/\/aljaoliva.com\/en\/productos\/evoo-5-l-ecological-bottle\/"]}]},{"@type":"BreadcrumbList","@id":"https:\/\/aljaoliva.com\/en\/productos\/evoo-5-l-ecological-bottle\/#breadcrumb","itemListElement":[{"@type":"ListItem","position":1,"name":"Portada","item":"https:\/\/aljaoliva.com\/en\/"},{"@type":"ListItem","position":2,"name":"Tienda","item":"https:\/\/aljaoliva.com\/tienda-aljaoliva\/"},{"@type":"ListItem","position":3,"name":"EVOO 5 L ecological BottleBox contains 3 units"}]},{"@type":"WebSite","@id":"https:\/\/aljaoliva.com\/en\/#website","url":"https:\/\/aljaoliva.com\/en\/","name":"AljaOliva","description":"Aceite de Oliva Virgen Extra","publisher":{"@id":"https:\/\/aljaoliva.com\/en\/#organization"},"potentialAction":[{"@type":"SearchAction","target":{"@type":"EntryPoint","urlTemplate":"https:\/\/aljaoliva.com\/en\/?s={search_term_string}"},"query-input":"required name=search_term_string"}],"inLanguage":"en-US"},{"@type":"Organization","@id":"https:\/\/aljaoliva.com\/en\/#organization","name":"Aljaoliva, S.L.","url":"https:\/\/aljaoliva.com\/en\/","logo":{"@type":"ImageObject","inLanguage":"en-US","@id":"https:\/\/aljaoliva.com\/en\/#\/schema\/logo\/image\/","url":"https:\/\/aljaoliva.com\/wp-content\/uploads\/2020\/04\/logo-horizontal-blanco-aljaoliva.png","contentUrl":"https:\/\/aljaoliva.com\/wp-content\/uploads\/2020\/04\/logo-horizontal-blanco-aljaoliva.png","width":250,"height":69,"caption":"Aljaoliva, S.L."},"image":{"@id":"https:\/\/aljaoliva.com\/en\/#\/schema\/logo\/image\/"}}]}},"_links":{"self":[{"href":"https:\/\/aljaoliva.com\/en\/wp-json\/wp\/v2\/product\/22378"}],"collection":[{"href":"https:\/\/aljaoliva.com\/en\/wp-json\/wp\/v2\/product"}],"about":[{"href":"https:\/\/aljaoliva.com\/en\/wp-json\/wp\/v2\/types\/product"}],"wp:featuredmedia":[{"embeddable":true,"href":"https:\/\/aljaoliva.com\/en\/wp-json\/wp\/v2\/media\/22379"}],"wp:attachment":[{"href":"https:\/\/aljaoliva.com\/en\/wp-json\/wp\/v2\/media?parent=22378"}],"wp:term":[{"taxonomy":"product_cat","embeddable":true,"href":"https:\/\/aljaoliva.com\/en\/wp-json\/wp\/v2\/product_cat?post=22378"},{"taxonomy":"product_tag","embeddable":true,"href":"https:\/\/aljaoliva.com\/en\/wp-json\/wp\/v2\/product_tag?post=22378"}],"curies":[{"name":"wp","href":"https:\/\/api.w.org\/{rel}","templated":true}]}}