{"id":22076,"date":"2021-03-01T12:17:19","date_gmt":"2021-03-01T12:17:19","guid":{"rendered":"https:\/\/aljaoliva.com\/?page_id=22076"},"modified":"2021-05-07T07:11:49","modified_gmt":"2021-05-07T07:11:49","slug":"shop-terms-and-conditions","status":"publish","type":"page","link":"https:\/\/aljaoliva.com\/en\/shop-terms-and-conditions\/","title":{"rendered":"Shop terms and conditions"},"content":{"rendered":"<div class=\"fusion-fullwidth fullwidth-box fusion-builder-row-1 fusion-flex-container nonhundred-percent-fullwidth non-hundred-percent-height-scrolling\" style=\"background-color: #ffffff;background-position: left top;background-repeat: no-repeat;border-width: 0px 0px 0px 0px;border-color:#eae9e9;border-style:solid;\" ><div class=\"fusion-builder-row fusion-row fusion-flex-align-items-flex-start\" style=\"max-width:1216.8px;margin-left: calc(-4% \/ 2 );margin-right: calc(-4% \/ 2 );\"><div class=\"fusion-layout-column fusion_builder_column fusion-builder-column-0 fusion_builder_column_1_3 1_3 fusion-flex-column fusion-flex-align-self-flex-start fusion-column-no-min-height\"><div class=\"fusion-column-wrapper fusion-flex-justify-content-flex-start fusion-content-layout-column\" style=\"background-position:left top;background-repeat:no-repeat;-webkit-background-size:cover;-moz-background-size:cover;-o-background-size:cover;background-size:cover;padding: 0px 0px 0px 0px;\"><div ><span class=\" fusion-imageframe imageframe-none imageframe-1 hover-type-none\"><img decoding=\"async\" width=\"66\" height=\"66\" alt=\"Aljaoliva quienes somos\" title=\"recogidaaceitunas\" src=\"https:\/\/aljaoliva.com\/wp-content\/uploads\/2020\/03\/recogidaaceitunas-66x66.jpg\" class=\"img-responsive wp-image-20085\"\/><\/span><\/div><div class=\"fusion-separator fusion-full-width-sep\" style=\"align-self: center;margin-left: auto;margin-right: auto;margin-top:50px;width:100%;\"><\/div><\/div><style type=\"text\/css\">.fusion-body .fusion-builder-column-0{width:33.333333333333% !important;margin-top : 0px;margin-bottom : 0px;}.fusion-builder-column-0 > .fusion-column-wrapper {padding-top : 0px !important;padding-right : 0px !important;margin-right : 3.84%;padding-bottom : 0px !important;padding-left : 0px !important;margin-left : 5.76%;}@media only screen and (max-width:1024px) {.fusion-body .fusion-builder-column-0{width:100% !important;}.fusion-builder-column-0 > .fusion-column-wrapper {margin-right : 1.92%;margin-left : 1.92%;}}@media only screen and (max-width:640px) {.fusion-body .fusion-builder-column-0{width:100% !important;}.fusion-builder-column-0 > .fusion-column-wrapper {margin-right : 1.92%;margin-left : 1.92%;}}<\/style><\/div><div class=\"fusion-layout-column fusion_builder_column fusion-builder-column-1 fusion_builder_column_2_3 2_3 fusion-flex-column fusion-flex-align-self-flex-start fusion-column-no-min-height\"><div class=\"fusion-column-wrapper fusion-flex-justify-content-flex-start fusion-content-layout-column\" style=\"background-position:left top;background-repeat:no-repeat;-webkit-background-size:cover;-moz-background-size:cover;-o-background-size:cover;background-size:cover;padding: 0px 0px 0px 0px;\"><div class=\"fusion-separator fusion-full-width-sep\" style=\"align-self: center;margin-left: auto;margin-right: auto;margin-top:50px;width:100%;\"><\/div><div class=\"fusion-text fusion-text-1\"><p>The conditions set forth herein constitute the agreement for the use of this website (<a href=\"http:\/\/www.aljaoliva.com\">www.aljaoliva.com<\/a>) and the purchases made on such. Please read the present Conditions carefully as well as our Cookie Policy and Personal Data Protection Policy prior to using this website or ordering any products. By using this website, the customer agrees that he has read and accepts these Conditions and our Personal Data Protection Policy. If the customer objects to any of the terms or conditions hereof, he\/she shall abandon this website.<\/p>\n<p><strong>Company Information<\/strong><\/p>\n<p>The items sold on this webpage are sold under the brand AljaOliva by Aljaoliva S.L., a Spanish company with a registered office at Calle Maestro Joaqu\u00edn de la Orden, 23, 41909, Salteras, (Sevilla) SPAIN, tax identification number (CIF) B91222729, telephone number (+34) 955707669, and email address <a href=\"mailto:almazara@aljaoliva.com\">almazara@aljaoliva.com<\/a>.<\/p>\n<p><strong>Definitions<\/strong><\/p>\n<p>The following terminology is included in this document:<\/p>\n<p>\u201cthe Seller\u201d: ALJAOLIVA S.L. as well as its branch offices and related undertakings, and entities which follow under any type of ownership.<\/p>\n<p>\u201cthe customer\u201d: natural or legal subject the seller contracts in order to sell the merchandise.<\/p>\n<p>\u201cthe Merchandise\u201d: Product the seller sells the client in compliance with the contract.<\/p>\n<p>\u201cthe Contract\u201d: Sales contract between the seller and client and subject to these General Sales Conditions.<\/p>\n<p>\u201cWorking day\u201d: Monday through Friday except holidays.<\/p>\n<p>\u201cConditions\u201d: rules which govern ALJAOLIVA S.L. sales.<\/p>\n<p><strong>Use of the website<\/strong><\/p>\n<p>Using and placing orders through <a href=\"http:\/\/www.aljaoliva.com\">www.aljaoliva.com<\/a> implies compliance with the following conditions:<\/p>\n<ol>\n<li>The customer must not place any false or fraudulent order. If so, the seller is authorized to cancel and inform the pertinent legal authorities.<\/li>\n<li>The customer must provide his\/her accurate and exact email, address, full name, contact phone number and ID number. Furthermore, the customer must accept the conditions so that the seller can use such personal information in case of contact when necessary (see our Privacy Policy). If personal information is not provided, the order will not be properly placed.<\/li>\n<\/ol>\n<p>When placing an order through this website, the customer must be of legal age (over 18) and have the legal capacity to accept contracts as well as read and accept the terms and conditions.<\/p>\n<p><strong>Service Area<\/strong><\/p>\n<p>The products shown at our online store are available for sale within Spanish peninsular territory, Balearic Islands, Canary Islands and countries of the European Union. For shipping outside the EU, please contact the company through the contact form available on this web.<\/p>\n<p><strong>Placing orders<\/strong><\/p>\n<p>When placing an order, the customer shall proceed as follows: select a product and calculate the shipping and delivery costs. Once the purchase has been made, the customer must introduce his\/her personal information and select a method of payment. Once the process is finished, a confirmation email will be sent.<\/p>\n<p><strong>Problem solving<\/strong><\/p>\n<p>If a confirmation email is not received or the customer has made a mistake when introducing personal information or data &#8211; problem which may lead to failure of delivery of the merchandise \u2013 the customer may contact the seller at 955707669 or send an email to <a href=\"mailto:tiendaonline@aljaoliva.com\">tiendaonline@aljaoliva.com<\/a><\/p>\n<p><strong>\u00a0<\/strong><\/p>\n<p><strong>\u00a0<\/strong><\/p>\n<p><strong>Stock and availability<\/strong><\/p>\n<p>Our sales are subject to product availability. If there is a problem when providing the product or lack of stock once the order has been paid for, the customer will be reimbursed the full amount.<\/p>\n<p><strong>Shipping and Delivery<\/strong><\/p>\n<p>The merchandise will be delivered within a maximum of 20 days from the time the customer receives the confirmation email. If for any reason the seller fails to deliver the products within such deadline, the customer will be informed about any possible problem and will be able to choose whether or not to proceed with the order or cancel it and receive a full reimbursement.<\/p>\n<p>In accordance with these terms and conditions, the seller will consider the shopping process as finalized when the customer or a third party \u2013 always authorized by the customer \u2013 signs the delivery slip with the shipping company.<\/p>\n<p>If delivery of the products is not possible on a first attempt, a second attempt will be made on subsequent days. If delivery on this second attempt is also not possible, the shipping company will provide the customer with the option of picking up the order at one of its offices.<\/p>\n<p><strong>Prices and methods of payment<\/strong><\/p>\n<p>All the prices at aljaoliva.com include VAT taxes. Shipping costs are also included in final price.<\/p>\n<p>The prices of the merchandise are subject to change at any time, but such changes will not affect the customers who have received a confirmation email.<\/p>\n<p>In AljaOliva the customer has different payment methods: credit or debit card, PayPal or cash on delivery. When selecting PayPal as the method of payment, the order will have an additional charge of 2.9% of the total plus a fee of 0.35\u20ac. The customer must pay these fees due to the low profit made. If cash on delivery is chosen, the customer will have to pay an extra fee of 2\u20ac in cash to the delivery company except for those customers whose places of residence are in the following areas for which this method of payment is free: Sevilla, Dos Hermanas, Alcal\u00e1 de Guadaira, Viso del Alcor, Mairena del Alcor, Montequinto, San Jos\u00e9 de la Rinconada, La Rinconada, La Algaba, Brenes, Los Rosales, Cantillana, Alcal\u00e1 del R\u00edo, Utrera, Albaida del Aljarafe, Almensilla, Aznalc\u00e1zar, Benacaz\u00f3n, Bormujos, Bollullos de la Mitaci\u00f3n, Camas, Castilleja de la Cuesta, Castilleja de Guzm\u00e1n, Carri\u00f3n de los C\u00e9spedes, Coria del R\u00edo, Espartinas, Gelves, Gines, Hu\u00e9var, Mairena del Aljarafe, Olivares, Palomares, Puebla del R\u00edo, Pilas, Salteras, Santiponce, San Juan de Aznalfarache, Sanl\u00facar la Mayor, Tomares, Umbrete, Valencina de la Concepci\u00f3n y Villanueva del Ariscal.<\/p>\n<p>When the customer clicks on the payment button, he\/she confirms that the credit card is his\/her. Credit cards are subject to checks and authorizations by entities responsible for them, so that if the corresponding entity does not authorize the payment, the seller will not be responsible for any possible delay in the order or failure to deliver the merchandise and the contract will be automatically canceled.<\/p>\n<p><strong>Returns and cancelations<\/strong><\/p>\n<p>If the customer is not satisfied with the merchandise once it has been delivered, he\/she may contact the seller through the online forms specified above. The return deadline is 14 working days from the time the merchandise is delivered to the customer. The merchandise must be in perfect condition, in its original packaging and the accessories must be included in the package when applicable. Aljaoliva reserves the right to check the returned merchandise and its condition in order to proceed to a reimbursement if applicable. For payments made with a credit card, the customer must provide a bank account holder certificate and send it to <a href=\"mailto:tiendaonline@aljaoliva.com\">tiendaonline@aljaoliva.com<\/a><\/p>\n<p>The right to cancel the contract will not imply any additional fee for the customer except for those related to shipping costs when returning the merchandise back to Aljaoliva. In case of return, the address is: Carretera Bormujos-Bollullos de la Mitaci\u00f3n, Km 9, direcci\u00f3n Urbanizaci\u00f3n Entrecaminos, 41110, Bollullos de la Mitaci\u00f3n, Sevilla.<\/p>\n<p>The cost of return will be charged to the customer as specified in the general Law for the Protection of Consumers and Users. In order to exercise the right of cancelation of contract, the customer must send an email to <a href=\"mailto:tiendaonline@aljaoliva.com\">tiendaonline@aljaoliva.com<\/a> by declaring unmistakably his\/her decision to cancel such contract within 14 working days from the time the merchandise has been delivered to the customer. The reimbursement will be made to the method of purchase chosen by the customer when placing the order.<\/p>\n<p>After the 14-day deadline, the customer will not be able to return the merchandise for a full reimbursement.<\/p>\n<p><strong>Guarantees<\/strong><\/p>\n<p>Guarantees are not applicable to food products. An expiration date is specified in each bottle or container.<\/p>\n<p><strong>Intellectual and industrial property<\/strong><\/p>\n<p>The contents of this website are property of Aljaoliva S.L. Any reproduction, distribution, marketing or transformation of its images or contents, which has not been expressly authorized by its owners, constitutes an infringement of the intellectual and industrial property rights protected by law.<\/p>\n<p>The delivery of the merchandise will take place at the place indicated in the contract, or subsequently agreed by the parties.<\/p>\n<p>Unless otherwise stated, the merchandise designated as stock material or another similar term, is subject to availability.<\/p>\n<p>The seller may make partial deliveries, issuing an invoice for each of said shipments.<\/p>\n<p>The dates and times of shipment or delivery of the merchandise is approximately 1 working day.<\/p>\n<p>If the non-delivery is due to causes attributable to the customer, the customer must make the agreed payments as if the delivery had occurred, for instance as it is the case of cash on delivery. The seller may proceed to the storage of the merchandise at the customer\u2019s expense and risk, and upon request of the latter, to insure it, in both cases provided that the customer pays in advance the foreseeable storage and insurance costs.<\/p>\n<p><strong>Applicable law<\/strong><\/p>\n<p>These conditions will be governed or interpreted in accordance with Spanish legislation in what is not expressly established. The provider and the user agree to submit any controversy that may arise from the provision of the products or services covered by these Conditions, to the Courts and Tribunals of the user\u00b4s place of residence.<\/p>\n<p>In the event that the user lives outside of Spain, the provider and the user expressly renounce any other forum, submitting to the Courts and Tribunals closest to Aljaoliva S.L.<\/p>\n<p><strong>Online dispute resolution platform for consumers and traders<\/strong><\/p>\n<p>The European Commission launched a new platform to help consumers and traders solve online disputes over a purchase made online.<\/p>\n<p>Platform website: https:\/\/webgate.ec.europa.eu\/odr\/main\/index.cfm?event=main.home.show&amp;lng=ES<\/p>\n<\/div><\/div><style type=\"text\/css\">.fusion-body .fusion-builder-column-1{width:66.666666666667% !important;margin-top : 0px;margin-bottom : 0px;}.fusion-builder-column-1 > .fusion-column-wrapper {padding-top : 0px !important;padding-right : 0px !important;margin-right : 2.88%;padding-bottom : 0px !important;padding-left : 0px !important;margin-left : 3.84%;}@media only screen and (max-width:1024px) {.fusion-body .fusion-builder-column-1{width:100% !important;}.fusion-builder-column-1 > .fusion-column-wrapper {margin-right : 1.92%;margin-left : 1.92%;}}@media only screen and (max-width:640px) {.fusion-body .fusion-builder-column-1{width:100% !important;}.fusion-builder-column-1 > .fusion-column-wrapper {margin-right : 1.92%;margin-left : 1.92%;}}<\/style><\/div><\/div><style type=\"text\/css\">.fusion-body .fusion-flex-container.fusion-builder-row-1{ padding-top : 50px;margin-top : 0px;padding-right : 0px;padding-bottom : 20px;margin-bottom : 0px;padding-left : 0px;}<\/style><\/div>\n","protected":false},"excerpt":{"rendered":"","protected":false},"author":2,"featured_media":0,"parent":0,"menu_order":0,"comment_status":"closed","ping_status":"closed","template":"100-width.php","meta":{"_joinchat":[]},"acf":[],"yoast_head":"<!-- This site is optimized with the Yoast SEO plugin v20.3 - https:\/\/yoast.com\/wordpress\/plugins\/seo\/ -->\n<title>Shop terms and conditions - AljaOliva<\/title>\n<meta name=\"robots\" content=\"index, follow, max-snippet:-1, max-image-preview:large, max-video-preview:-1\" \/>\n<link rel=\"canonical\" href=\"https:\/\/aljaoliva.com\/en\/shop-terms-and-conditions\/\" \/>\n<meta property=\"og:locale\" content=\"en_US\" \/>\n<meta property=\"og:type\" content=\"article\" \/>\n<meta property=\"og:title\" content=\"Shop terms and conditions - AljaOliva\" \/>\n<meta property=\"og:url\" content=\"https:\/\/aljaoliva.com\/en\/shop-terms-and-conditions\/\" \/>\n<meta property=\"og:site_name\" content=\"AljaOliva\" \/>\n<meta property=\"article:modified_time\" content=\"2021-05-07T07:11:49+00:00\" \/>\n<meta name=\"twitter:card\" content=\"summary_large_image\" \/>\n<meta name=\"twitter:label1\" content=\"Est. reading time\" \/>\n\t<meta name=\"twitter:data1\" content=\"9 minutes\" \/>\n<script type=\"application\/ld+json\" class=\"yoast-schema-graph\">{\"@context\":\"https:\/\/schema.org\",\"@graph\":[{\"@type\":\"WebPage\",\"@id\":\"https:\/\/aljaoliva.com\/en\/shop-terms-and-conditions\/\",\"url\":\"https:\/\/aljaoliva.com\/en\/shop-terms-and-conditions\/\",\"name\":\"Shop terms and conditions - AljaOliva\",\"isPartOf\":{\"@id\":\"https:\/\/aljaoliva.com\/en\/#website\"},\"datePublished\":\"2021-03-01T12:17:19+00:00\",\"dateModified\":\"2021-05-07T07:11:49+00:00\",\"breadcrumb\":{\"@id\":\"https:\/\/aljaoliva.com\/en\/shop-terms-and-conditions\/#breadcrumb\"},\"inLanguage\":\"en-US\",\"potentialAction\":[{\"@type\":\"ReadAction\",\"target\":[\"https:\/\/aljaoliva.com\/en\/shop-terms-and-conditions\/\"]}]},{\"@type\":\"BreadcrumbList\",\"@id\":\"https:\/\/aljaoliva.com\/en\/shop-terms-and-conditions\/#breadcrumb\",\"itemListElement\":[{\"@type\":\"ListItem\",\"position\":1,\"name\":\"Portada\",\"item\":\"https:\/\/aljaoliva.com\/en\/\"},{\"@type\":\"ListItem\",\"position\":2,\"name\":\"Shop terms and conditions\"}]},{\"@type\":\"WebSite\",\"@id\":\"https:\/\/aljaoliva.com\/en\/#website\",\"url\":\"https:\/\/aljaoliva.com\/en\/\",\"name\":\"AljaOliva\",\"description\":\"Aceite de Oliva Virgen Extra\",\"publisher\":{\"@id\":\"https:\/\/aljaoliva.com\/en\/#organization\"},\"potentialAction\":[{\"@type\":\"SearchAction\",\"target\":{\"@type\":\"EntryPoint\",\"urlTemplate\":\"https:\/\/aljaoliva.com\/en\/?s={search_term_string}\"},\"query-input\":\"required name=search_term_string\"}],\"inLanguage\":\"en-US\"},{\"@type\":\"Organization\",\"@id\":\"https:\/\/aljaoliva.com\/en\/#organization\",\"name\":\"Aljaoliva, S.L.\",\"url\":\"https:\/\/aljaoliva.com\/en\/\",\"logo\":{\"@type\":\"ImageObject\",\"inLanguage\":\"en-US\",\"@id\":\"https:\/\/aljaoliva.com\/en\/#\/schema\/logo\/image\/\",\"url\":\"https:\/\/aljaoliva.com\/wp-content\/uploads\/2020\/04\/logo-horizontal-blanco-aljaoliva.png\",\"contentUrl\":\"https:\/\/aljaoliva.com\/wp-content\/uploads\/2020\/04\/logo-horizontal-blanco-aljaoliva.png\",\"width\":250,\"height\":69,\"caption\":\"Aljaoliva, S.L.\"},\"image\":{\"@id\":\"https:\/\/aljaoliva.com\/en\/#\/schema\/logo\/image\/\"}}]}<\/script>\n<!-- \/ Yoast SEO plugin. -->","yoast_head_json":{"title":"Shop terms and conditions - AljaOliva","robots":{"index":"index","follow":"follow","max-snippet":"max-snippet:-1","max-image-preview":"max-image-preview:large","max-video-preview":"max-video-preview:-1"},"canonical":"https:\/\/aljaoliva.com\/en\/shop-terms-and-conditions\/","og_locale":"en_US","og_type":"article","og_title":"Shop terms and conditions - AljaOliva","og_url":"https:\/\/aljaoliva.com\/en\/shop-terms-and-conditions\/","og_site_name":"AljaOliva","article_modified_time":"2021-05-07T07:11:49+00:00","twitter_card":"summary_large_image","twitter_misc":{"Est. reading time":"9 minutes"},"schema":{"@context":"https:\/\/schema.org","@graph":[{"@type":"WebPage","@id":"https:\/\/aljaoliva.com\/en\/shop-terms-and-conditions\/","url":"https:\/\/aljaoliva.com\/en\/shop-terms-and-conditions\/","name":"Shop terms and conditions - AljaOliva","isPartOf":{"@id":"https:\/\/aljaoliva.com\/en\/#website"},"datePublished":"2021-03-01T12:17:19+00:00","dateModified":"2021-05-07T07:11:49+00:00","breadcrumb":{"@id":"https:\/\/aljaoliva.com\/en\/shop-terms-and-conditions\/#breadcrumb"},"inLanguage":"en-US","potentialAction":[{"@type":"ReadAction","target":["https:\/\/aljaoliva.com\/en\/shop-terms-and-conditions\/"]}]},{"@type":"BreadcrumbList","@id":"https:\/\/aljaoliva.com\/en\/shop-terms-and-conditions\/#breadcrumb","itemListElement":[{"@type":"ListItem","position":1,"name":"Portada","item":"https:\/\/aljaoliva.com\/en\/"},{"@type":"ListItem","position":2,"name":"Shop terms and conditions"}]},{"@type":"WebSite","@id":"https:\/\/aljaoliva.com\/en\/#website","url":"https:\/\/aljaoliva.com\/en\/","name":"AljaOliva","description":"Aceite de Oliva Virgen Extra","publisher":{"@id":"https:\/\/aljaoliva.com\/en\/#organization"},"potentialAction":[{"@type":"SearchAction","target":{"@type":"EntryPoint","urlTemplate":"https:\/\/aljaoliva.com\/en\/?s={search_term_string}"},"query-input":"required name=search_term_string"}],"inLanguage":"en-US"},{"@type":"Organization","@id":"https:\/\/aljaoliva.com\/en\/#organization","name":"Aljaoliva, S.L.","url":"https:\/\/aljaoliva.com\/en\/","logo":{"@type":"ImageObject","inLanguage":"en-US","@id":"https:\/\/aljaoliva.com\/en\/#\/schema\/logo\/image\/","url":"https:\/\/aljaoliva.com\/wp-content\/uploads\/2020\/04\/logo-horizontal-blanco-aljaoliva.png","contentUrl":"https:\/\/aljaoliva.com\/wp-content\/uploads\/2020\/04\/logo-horizontal-blanco-aljaoliva.png","width":250,"height":69,"caption":"Aljaoliva, S.L."},"image":{"@id":"https:\/\/aljaoliva.com\/en\/#\/schema\/logo\/image\/"}}]}},"_links":{"self":[{"href":"https:\/\/aljaoliva.com\/en\/wp-json\/wp\/v2\/pages\/22076"}],"collection":[{"href":"https:\/\/aljaoliva.com\/en\/wp-json\/wp\/v2\/pages"}],"about":[{"href":"https:\/\/aljaoliva.com\/en\/wp-json\/wp\/v2\/types\/page"}],"author":[{"embeddable":true,"href":"https:\/\/aljaoliva.com\/en\/wp-json\/wp\/v2\/users\/2"}],"replies":[{"embeddable":true,"href":"https:\/\/aljaoliva.com\/en\/wp-json\/wp\/v2\/comments?post=22076"}],"version-history":[{"count":0,"href":"https:\/\/aljaoliva.com\/en\/wp-json\/wp\/v2\/pages\/22076\/revisions"}],"wp:attachment":[{"href":"https:\/\/aljaoliva.com\/en\/wp-json\/wp\/v2\/media?parent=22076"}],"curies":[{"name":"wp","href":"https:\/\/api.w.org\/{rel}","templated":true}]}}